{"id":104316,"date":"2021-11-10T06:21:16","date_gmt":"2021-11-10T11:21:16","guid":{"rendered":"https:\/\/ifamnews.com\/?page_id=104316"},"modified":"2021-11-23T07:00:11","modified_gmt":"2021-11-23T12:00:11","slug":"subskrybuj","status":"publish","type":"page","link":"https:\/\/ifamnews.com\/pl\/subskrybuj","title":{"rendered":"Subskrybuj"},"content":{"rendered":"<div class=\"wpb-content-wrapper\"><p class=\"last-updated\">Last updated on 23 listopada, 2021 at 07:00 am<\/p><p>[vc_row][vc_column][vc_column_text css_animation=&#8221;fadeIn&#8221;]<script>(function() {\n\twindow.mc4wp = window.mc4wp || {\n\t\tlisteners: [],\n\t\tforms: {\n\t\t\ton: function(evt, cb) {\n\t\t\t\twindow.mc4wp.listeners.push(\n\t\t\t\t\t{\n\t\t\t\t\t\tevent   : evt,\n\t\t\t\t\t\tcallback: cb\n\t\t\t\t\t}\n\t\t\t\t);\n\t\t\t}\n\t\t}\n\t}\n})();\n<\/script><!-- Mailchimp for WordPress v4.12.1 - https:\/\/wordpress.org\/plugins\/mailchimp-for-wp\/ --><form id=\"mc4wp-form-1\" class=\"mc4wp-form mc4wp-form-106889 mc4wp-form-theme mc4wp-form-theme-blue mc4wp-ajax\" method=\"post\" data-id=\"106889\" data-name=\"Subscribe PL\" ><div class=\"mc4wp-form-fields\"><input type=\"hidden\" value=\"pl_PL\" \/>\r\n\r\n<div class=\"row\">\r\n\t<div class=\"form-group col-xs-12 col-sm-6\">\r\n      \t<label for=\"FNAME\">Imi\u0119<span class=\"required\">*<\/span><\/label>\r\n\t\t<input id=\"FNAME\" class=\"form-control\" name=\"FNAME\" required=\"\" type=\"text\" placeholder=\"Wpisz swoje imi\u0119\" \/>\r\n  \t<\/div>\r\n\t<div class=\"form-group col-xs-12 col-sm-6\">\r\n      \t<label for=\"LNAME\">Nazwisko<span class=\"required\">*<\/span><\/label>\r\n\t\t<input id=\"LNAME\" class=\"form-control\" name=\"LNAME\" required=\"\" type=\"text\" placeholder=\"Wpisz swoje nazwisko\" \/>\r\n  \t<\/div>\r\n\t<div class=\"form-group col-xs-12\">\r\n      \t<label for=\"EMAIL\">Email<span class=\"required\">*<\/span><\/label>\r\n\t\t<input id=\"EMAIL\" class=\"form-control\" name=\"EMAIL\" required=\"\" type=\"email\" placeholder=\"Wprowad\u017a sw\u00f3j email\" \/>\r\n  \t<\/div>\r\n\t\r\n  \t<div class=\"form-group col-xs-12\">\r\n      \t<label>Wybierz j\u0119zyk:<\/label>\r\n      <div class=\"form-check\">\r\n        <input id=\"defaultCheck1\" class=\"form-check-input\" name=\"_mc4wp_lists[]\" type=\"checkbox\" value=\"5ebb8f15eb\" checked \/>\r\n        <label class=\"form-check-label\" for=\"defaultCheck1\">\r\n\t\t\tPolski\r\n        <\/label>\r\n      <\/div>\t\t\r\n      <div class=\"form-check\">\r\n          <input id=\"defaultCheck2\" class=\"form-check-input\" name=\"_mc4wp_lists[]\" type=\"checkbox\" value=\"4b0ced8706\" \/>\r\n          <label class=\"form-check-label\" for=\"defaultCheck2\">\r\n\t\t\tAngielski\r\n          <\/label>\r\n      \t<\/div>\r\n\t\t<div class=\"form-check\">\r\n          <input id=\"defaultCheck3\" class=\"form-check-input\" name=\"_mc4wp_lists[]\" type=\"checkbox\" value=\"7b21408f11\" \/>\r\n          <label class=\"form-check-label\" for=\"defaultCheck3\">\r\n\t\t\tFrancuski\r\n          <\/label>\r\n      \t<\/div>\r\n      <div class=\"form-check\">\r\n        <input id=\"defaultCheck4\" class=\"form-check-input\" name=\"_mc4wp_lists[]\" type=\"checkbox\" value=\"68c943427d\" \/>\r\n        <label class=\"form-check-label\" for=\"defaultCheck4\">\r\n\t\t\tNiemiecki\r\n        <\/label>\r\n      <\/div>\r\n      <div class=\"form-check\">\r\n        <input id=\"defaultCheck5\" class=\"form-check-input\" name=\"_mc4wp_lists[]\" type=\"checkbox\" value=\"fb6166abb3\" \/>\r\n        <label class=\"form-check-label\" for=\"defaultCheck5\">\r\n\t\t\tW\u0142oski\r\n        <\/label>\r\n      <\/div>\r\n      <div class=\"form-check\">\r\n        <input id=\"defaultCheck6\" class=\"form-check-input\" name=\"_mc4wp_lists[]\" type=\"checkbox\" value=\"32caf990f6\" \/>\r\n        <label class=\"form-check-label\" for=\"defaultCheck6\">\r\n\t\t\tHiszpa\u0144ski\r\n        <\/label>\r\n      <\/div>\r\n      <div class=\"form-check\">\r\n        <input id=\"defaultCheck7\" class=\"form-check-input\" name=\"_mc4wp_lists[]\" type=\"checkbox\" value=\"e29a74d48a\" \/>\r\n        <label class=\"form-check-label\" for=\"defaultCheck7\">\r\n\t\t\tSerbski\r\n        <\/label>\r\n      <\/div>      \r\n      <div class=\"form-check\">\r\n        <input id=\"defaultCheck8\" class=\"form-check-input\" name=\"_mc4wp_lists[]\" type=\"checkbox\" value=\"2ba3357114\">\r\n        <label class=\"form-check-label\" for=\"defaultCheck8\">\r\n\t\t\tRosyjski\r\n        <\/label>\r\n      <\/div>\r\n      <\/div>\r\n      <div class=\"form-group col-xs-12\">\r\n      \t<label>Wybierz jak cz\u0119sto chcia\u0142by\u015b otrzymywa\u0107 nasze wiadomo\u015bci:<\/label>\r\n        <div class=\"form-check\">\r\n          <input id=\"frequency1\" class=\"form-check-input\" name=\"_mc4wp_frecuency_tags[]\" type=\"checkbox\" value=\"daily\" \/>\r\n          <label class=\"form-check-label\" for=\"frequency1\">\r\n          codzienny\r\n          <\/label>\r\n        <\/div>\r\n        <div class=\"form-check\">\r\n          <input id=\"frequency2\" class=\"form-check-input\" name=\"_mc4wp_frecuency_tags[]\" type=\"checkbox\" value=\"weekly\" checked \/>\r\n          <label class=\"form-check-label\" for=\"frequency2\">\r\n          tygodniowy\r\n          <\/label>\r\n        <\/div>\r\n \t <\/div>\r\n    <div class=\"form-group col-xs-12\">\r\n      <input type=\"submit\" value=\"Zarejestruj si\u0119\" \/>\r\n  \t<\/div>\r\n<\/div><\/div><label style=\"display: none !important;\">Pozostaw to pole puste, je\u015bli jeste\u015b cz\u0142owiekiem: <input type=\"text\" name=\"_mc4wp_honeypot\" value=\"\" tabindex=\"-1\" autocomplete=\"off\" \/><\/label><input type=\"hidden\" name=\"_mc4wp_timestamp\" value=\"1776541008\" \/><input type=\"hidden\" name=\"_mc4wp_form_id\" value=\"106889\" \/><input type=\"hidden\" name=\"_mc4wp_form_element_id\" value=\"mc4wp-form-1\" \/><div class=\"mc4wp-response\"><\/div><\/form><!-- \/ Mailchimp for WordPress Plugin -->[\/vc_column_text][\/vc_column][\/vc_row]<\/p>\n<\/div>","protected":false},"excerpt":{"rendered":"<p>Last updated on 23 listopada, 2021 at 07:00 am[vc_row][vc_column][vc_column_text css_animation=&#8221;fadeIn&#8221;][\/vc_column_text][\/vc_column][\/vc_row]<\/p>\n","protected":false},"author":1,"featured_media":0,"parent":0,"menu_order":0,"comment_status":"closed","ping_status":"closed","template":"","meta":{"give_campaign_id":0,"om_disable_all_campaigns":false,"_monsterinsights_skip_tracking":false,"_monsterinsights_sitenote_active":false,"_monsterinsights_sitenote_note":"","_monsterinsights_sitenote_category":0,"jnews_page_loop":{"enable_page_loop":"0","first_title":"Latest Post","second_title":"","header_type":"heading_6","header_background":"","header_text_color":"","layout":"right-sidebar","sidebar":"default-sidebar","second_sidebar":"default-sidebar","sticky_sidebar":"1","module":"3","boxed":"0","boxed_shadow":"0","box_shadow":"0","excerpt_length":"20","content_date":"default","date_custom":"Y\/m\/d","content_pagination":"nav_1","pagination_align":"center","show_navtext":"0","show_pageinfo":"0","post_offset":"0","posts_per_page":"5","include_post":"","exclude_post":"","include_category":"","exclude_category":"","include_author":"","include_tag":"","exclude_tag":"","sort_by":"latest"},"jnews_single_page":{"layout":"no-sidebar","sidebar":"default-sidebar","second_sidebar":"default-sidebar","sticky_sidebar":"1","show_post_featured":"1","show_post_meta":"0","share_position":"top","share_color":"share-monocrhome"},"jnews_social_meta":{"fb_title":"","fb_description":"","fb_image":"","twitter_title":"","twitter_description":"","twitter_image":""},"footnotes":""},"class_list":["post-104316","page","type-page","status-publish","hentry"],"yoast_head":"<!-- This site is optimized with the Yoast SEO Premium plugin v25.9 (Yoast SEO v27.3) - https:\/\/yoast.com\/product\/yoast-seo-premium-wordpress\/ -->\n<title>Subskrybuj - IFN<\/title>\n<meta name=\"robots\" content=\"index, follow, max-snippet:-1, max-image-preview:large, max-video-preview:-1\" \/>\n<link rel=\"canonical\" href=\"https:\/\/ifamnews.com\/pl\/subskrybuj\" \/>\n<meta property=\"og:locale\" content=\"pl_PL\" \/>\n<meta property=\"og:type\" content=\"article\" \/>\n<meta property=\"og:title\" content=\"Subskrybuj\" \/>\n<meta property=\"og:description\" content=\"Last updated on 23 listopada, 2021 at 07:00 am[vc_row][vc_column][vc_column_text css_animation=&#8221;fadeIn&#8221;][\/vc_column_text][\/vc_column][\/vc_row]\" \/>\n<meta property=\"og:url\" content=\"https:\/\/ifamnews.com\/pl\/subskrybuj\" \/>\n<meta property=\"og:site_name\" content=\"IFN\" \/>\n<meta property=\"article:publisher\" content=\"https:\/\/www.facebook.com\/iFamNews\" \/>\n<meta property=\"article:modified_time\" content=\"2021-11-23T12:00:11+00:00\" \/>\n<meta property=\"og:image\" content=\"https:\/\/ifamnews.com\/wp-content\/uploads\/2019\/11\/logo@2x.png\" \/>\n\t<meta property=\"og:image:width\" content=\"363\" \/>\n\t<meta property=\"og:image:height\" content=\"112\" \/>\n\t<meta property=\"og:image:type\" content=\"image\/png\" \/>\n<meta name=\"twitter:card\" content=\"summary_large_image\" \/>\n<meta name=\"twitter:site\" content=\"@iFamNewsEN\" \/>\n<meta name=\"twitter:label1\" content=\"Szacowany czas czytania\" \/>\n\t<meta name=\"twitter:data1\" content=\"1 minuta\" \/>\n<!-- \/ Yoast SEO Premium plugin. -->","yoast_head_json":{"title":"Subskrybuj - IFN","robots":{"index":"index","follow":"follow","max-snippet":"max-snippet:-1","max-image-preview":"max-image-preview:large","max-video-preview":"max-video-preview:-1"},"canonical":"https:\/\/ifamnews.com\/pl\/subskrybuj","og_locale":"pl_PL","og_type":"article","og_title":"Subskrybuj","og_description":"Last updated on 23 listopada, 2021 at 07:00 am[vc_row][vc_column][vc_column_text css_animation=&#8221;fadeIn&#8221;][\/vc_column_text][\/vc_column][\/vc_row]","og_url":"https:\/\/ifamnews.com\/pl\/subskrybuj","og_site_name":"IFN","article_publisher":"https:\/\/www.facebook.com\/iFamNews","article_modified_time":"2021-11-23T12:00:11+00:00","og_image":[{"width":363,"height":112,"url":"https:\/\/ifamnews.com\/wp-content\/uploads\/2019\/11\/logo@2x.png","type":"image\/png"}],"twitter_card":"summary_large_image","twitter_site":"@iFamNewsEN","twitter_misc":{"Szacowany czas czytania":"1 minuta"},"schema":{"@context":"https:\/\/schema.org","@graph":[{"@type":"WebPage","@id":"https:\/\/ifamnews.com\/pl\/subskrybuj","url":"https:\/\/ifamnews.com\/pl\/subskrybuj","name":"Subskrybuj - IFN","isPartOf":{"@id":"https:\/\/ifamnews.com\/en\/#website"},"datePublished":"2021-11-10T11:21:16+00:00","dateModified":"2021-11-23T12:00:11+00:00","breadcrumb":{"@id":"https:\/\/ifamnews.com\/pl\/subskrybuj#breadcrumb"},"inLanguage":"pl-PL","potentialAction":[{"@type":"ReadAction","target":["https:\/\/ifamnews.com\/pl\/subskrybuj"]}]},{"@type":"BreadcrumbList","@id":"https:\/\/ifamnews.com\/pl\/subskrybuj#breadcrumb","itemListElement":[{"@type":"ListItem","position":1,"name":"Home","item":"https:\/\/ifamnews.com\/de"},{"@type":"ListItem","position":2,"name":"Subskrybuj"}]},{"@type":"WebSite","@id":"https:\/\/ifamnews.com\/en\/#website","url":"https:\/\/ifamnews.com\/en\/","name":"IFN","description":"International Family News Network","publisher":{"@id":"https:\/\/ifamnews.com\/en\/#organization"},"potentialAction":[{"@type":"SearchAction","target":{"@type":"EntryPoint","urlTemplate":"https:\/\/ifamnews.com\/en\/?s={search_term_string}"},"query-input":{"@type":"PropertyValueSpecification","valueRequired":true,"valueName":"search_term_string"}}],"inLanguage":"pl-PL"},{"@type":"Organization","@id":"https:\/\/ifamnews.com\/en\/#organization","name":"iFamNews","url":"https:\/\/ifamnews.com\/en\/","logo":{"@type":"ImageObject","inLanguage":"pl-PL","@id":"https:\/\/ifamnews.com\/en\/#\/schema\/logo\/image\/","url":"https:\/\/ifamnews.com\/wp-content\/uploads\/2020\/01\/Share-logo.png","contentUrl":"https:\/\/ifamnews.com\/wp-content\/uploads\/2020\/01\/Share-logo.png","width":200,"height":200,"caption":"iFamNews"},"image":{"@id":"https:\/\/ifamnews.com\/en\/#\/schema\/logo\/image\/"},"sameAs":["https:\/\/www.facebook.com\/iFamNews","https:\/\/x.com\/iFamNewsEN"]}]}},"campaignId":"","amp_enabled":true,"_links":{"self":[{"href":"https:\/\/ifamnews.com\/pl\/wp-json\/wp\/v2\/pages\/104316","targetHints":{"allow":["GET"]}}],"collection":[{"href":"https:\/\/ifamnews.com\/pl\/wp-json\/wp\/v2\/pages"}],"about":[{"href":"https:\/\/ifamnews.com\/pl\/wp-json\/wp\/v2\/types\/page"}],"author":[{"embeddable":true,"href":"https:\/\/ifamnews.com\/pl\/wp-json\/wp\/v2\/users\/1"}],"replies":[{"embeddable":true,"href":"https:\/\/ifamnews.com\/pl\/wp-json\/wp\/v2\/comments?post=104316"}],"version-history":[{"count":4,"href":"https:\/\/ifamnews.com\/pl\/wp-json\/wp\/v2\/pages\/104316\/revisions"}],"predecessor-version":[{"id":106903,"href":"https:\/\/ifamnews.com\/pl\/wp-json\/wp\/v2\/pages\/104316\/revisions\/106903"}],"wp:attachment":[{"href":"https:\/\/ifamnews.com\/pl\/wp-json\/wp\/v2\/media?parent=104316"}],"curies":[{"name":"wp","href":"https:\/\/api.w.org\/{rel}","templated":true}]}}