{"id":104249,"date":"2021-11-10T06:13:28","date_gmt":"2021-11-10T11:13:28","guid":{"rendered":"https:\/\/ifamnews.com\/?page_id=104249"},"modified":"2022-12-12T10:22:11","modified_gmt":"2022-12-12T15:22:11","slug":"o-ifamnews","status":"publish","type":"page","link":"https:\/\/ifamnews.com\/pl\/o-ifamnews","title":{"rendered":"O iFamNews"},"content":{"rendered":"<p class=\"last-updated\">Last updated on 12 grudnia, 2022 at 10:22 am<\/p>\n<p>iFamNews jest projektem <a rel=\"noreferrer noopener\" aria-label=\"International Organization for the Family (opens in a new tab)\" href=\"https:\/\/profam.org\" target=\"_blank\">Mi\u0119dzynarodowej Organizacji na rzecz Rodziny<\/a> (IOF). Naszym celem jest zbudowanie pierwszego prawdziwie globalnego serwisu informacyjnego o tematyce prorodzinnej i pro-life. Tak jak IOF zjednoczy\u0142 dziesi\u0105tki tysi\u0119cy lider\u00f3w z ca\u0142ego \u015bwiata w naszych wydarzeniach \u015awiatowego Kongresu Rodzin (WCF), tak dzi\u0119ki tej nowej inicjatywie mamy nadziej\u0119 stworzy\u0107 internetow\u0105 globaln\u0105 prorodzinn\u0105 spo\u0142eczno\u015b\u0107 czytelnik\u00f3w, kt\u00f3rzy mog\u0105 nam zaufa\u0107 jako \u017ar\u00f3d\u0142u. <\/p>\n\n\n\n<h2 class=\"wp-block-heading\" id=\"h-nasze-przywodztwo\"><strong>Nasze przyw\u00f3dztwo<\/strong><\/h2>\n\n\n\n<h4 class=\"wp-block-heading\" id=\"h-brian-s-brown-zalozyciel-i-redaktor-naczelny\"><strong><a href=\"https:\/\/ifamnews.com\/en\/author\/bbrown\/\">Brian S. Brown<\/a>, za\u0142o\u017cyciel i <strong>redaktor naczelny<\/strong><\/strong><\/h4>\n\n\n<p><img decoding=\"async\" class=\"alignleft wp-image-104251\" src=\"https:\/\/ifamnews.com\/wp-content\/uploads\/2020\/01\/brown-150x150.jpg\" alt=\"\" width=\"150\" height=\"150\" srcset=\"https:\/\/ifamnews.com\/wp-content\/uploads\/2020\/01\/brown-150x150.jpg 150w, https:\/\/ifamnews.com\/wp-content\/uploads\/2020\/01\/brown-300x300.jpg 300w, https:\/\/ifamnews.com\/wp-content\/uploads\/2020\/01\/brown-1024x1024.jpg 1024w, https:\/\/ifamnews.com\/wp-content\/uploads\/2020\/01\/brown-768x768.jpg 768w, https:\/\/ifamnews.com\/wp-content\/uploads\/2020\/01\/brown-75x75.jpg 75w, https:\/\/ifamnews.com\/wp-content\/uploads\/2020\/01\/brown-750x750.jpg 750w, https:\/\/ifamnews.com\/wp-content\/uploads\/2020\/01\/brown-1140x1140.jpg 1140w, https:\/\/ifamnews.com\/wp-content\/uploads\/2020\/01\/brown.jpg 1200w\" sizes=\"(max-width: 150px) 100vw, 150px\" \/>Brian Brown jest prezesem Mi\u0119dzynarodowej Organizacji na rzecz Rodziny (IOF) od 2016 roku. Brian pe\u0142ni r\u00f3wnie\u017c funkcj\u0119 prezesa Narodowej Organizacji na rzecz Ma\u0142\u017ce\u0144stwa (NOM) po tym, jak w 2007 roku by\u0142 wsp\u00f3\u0142za\u0142o\u017cycielem tej organizacji. Brian by\u0142 regularnie cytowany w <em>The Washington Post<\/em>, The <em>New York Times<\/em>, <em>The Associated Press<\/em>, The <em>Los Angeles Times<\/em>, The <em>New York Post<\/em> i prawie wszystkich innych g\u0142\u00f3wnych gazetach w Stanach Zjednoczonych. Regularnie wyst\u0119powa\u0142 r\u00f3wnie\u017c w ABC, CBS, NBC, CNN, FOX News Channel, C-SPAN i MSNBC. Wykszta\u0142cony na Uniwersytecie Oksfordzkim i elokwentny or\u0119downik ma\u0142\u017ce\u0144stwa, jest rozchwytywanym m\u00f3wc\u0105, kt\u00f3ry przemawia\u0142 na setkach zgromadze\u0144 w ca\u0142ym kraju i na arenie mi\u0119dzynarodowej. Brian jest C. Phil. na UCLA w zakresie historii ameryka\u0144skiej, uzyska\u0142 tytu\u0142 licencjata\/magistra historii wsp\u00f3\u0142czesnej na Uniwersytecie Oksfordzkim, a tytu\u0142 licencjata historii otrzyma\u0142 w Whittier College. On i jego \u017cona Susan maj\u0105 dziewi\u0119cioro ma\u0142ych dzieci.<\/p>","protected":false},"excerpt":{"rendered":"<p>Last updated on 12 grudnia, 2022 at 10:22 am iFamNews jest projektem Mi\u0119dzynarodowej Organizacji na rzecz Rodziny (IOF). Naszym celem jest zbudowanie pierwszego prawdziwie globalnego serwisu informacyjnego o tematyce prorodzinnej i pro-life. Tak jak IOF zjednoczy\u0142 dziesi\u0105tki tysi\u0119cy lider\u00f3w z ca\u0142ego \u015bwiata w naszych wydarzeniach \u015awiatowego Kongresu Rodzin (WCF), tak dzi\u0119ki tej nowej inicjatywie mamy [&hellip;]<\/p>\n","protected":false},"author":1,"featured_media":0,"parent":0,"menu_order":0,"comment_status":"closed","ping_status":"closed","template":"","meta":{"give_campaign_id":0,"om_disable_all_campaigns":false,"_monsterinsights_skip_tracking":false,"_monsterinsights_sitenote_active":false,"_monsterinsights_sitenote_note":"","_monsterinsights_sitenote_category":0,"jnews_page_loop":{"enable_page_loop":"0","first_title":"Latest Post","second_title":"","header_type":"heading_6","header_background":"","header_text_color":"","layout":"right-sidebar","sidebar":"default-sidebar","second_sidebar":"default-sidebar","sticky_sidebar":"1","module":"3","boxed":"0","boxed_shadow":"0","box_shadow":"0","excerpt_length":"20","content_date":"default","date_custom":"Y\/m\/d","content_pagination":"nav_1","pagination_align":"center","show_navtext":"0","show_pageinfo":"0","post_offset":"0","posts_per_page":"5","include_post":"","exclude_post":"","include_category":"","exclude_category":"","include_author":"","include_tag":"","exclude_tag":"","sort_by":"latest"},"jnews_single_page":{"layout":"no-sidebar","sidebar":"default-sidebar","second_sidebar":"default-sidebar","sticky_sidebar":"1","show_post_featured":"1","show_post_meta":"0","share_position":"top","share_color":"share-monocrhome"},"jnews_social_meta":{"fb_title":"","fb_description":"","fb_image":"","twitter_title":"","twitter_description":"","twitter_image":""},"footnotes":""},"class_list":["post-104249","page","type-page","status-publish","hentry"],"yoast_head":"<!-- This site is optimized with the Yoast SEO Premium plugin v25.9 (Yoast SEO v27.3) - https:\/\/yoast.com\/product\/yoast-seo-premium-wordpress\/ -->\n<title>O iFamNews - IFN<\/title>\n<meta name=\"robots\" content=\"index, follow, max-snippet:-1, max-image-preview:large, max-video-preview:-1\" \/>\n<link rel=\"canonical\" href=\"https:\/\/ifamnews.com\/pl\/o-ifamnews\" \/>\n<meta property=\"og:locale\" content=\"pl_PL\" \/>\n<meta property=\"og:type\" content=\"article\" \/>\n<meta property=\"og:title\" content=\"O iFamNews\" \/>\n<meta property=\"og:description\" content=\"Last updated on 12 grudnia, 2022 at 10:22 am iFamNews jest projektem Mi\u0119dzynarodowej Organizacji na rzecz Rodziny (IOF). Naszym celem jest zbudowanie pierwszego prawdziwie globalnego serwisu informacyjnego o tematyce prorodzinnej i pro-life. Tak jak IOF zjednoczy\u0142 dziesi\u0105tki tysi\u0119cy lider\u00f3w z ca\u0142ego \u015bwiata w naszych wydarzeniach \u015awiatowego Kongresu Rodzin (WCF), tak dzi\u0119ki tej nowej inicjatywie mamy [&hellip;]\" \/>\n<meta property=\"og:url\" content=\"https:\/\/ifamnews.com\/pl\/o-ifamnews\" \/>\n<meta property=\"og:site_name\" content=\"IFN\" \/>\n<meta property=\"article:publisher\" content=\"https:\/\/www.facebook.com\/iFamNews\" \/>\n<meta property=\"article:modified_time\" content=\"2022-12-12T15:22:11+00:00\" \/>\n<meta property=\"og:image\" content=\"https:\/\/ifamnews.com\/wp-content\/uploads\/2020\/01\/brown-150x150.jpg\" \/>\n<meta name=\"twitter:card\" content=\"summary_large_image\" \/>\n<meta name=\"twitter:site\" content=\"@iFamNewsEN\" \/>\n<meta name=\"twitter:label1\" content=\"Szacowany czas czytania\" \/>\n\t<meta name=\"twitter:data1\" content=\"2 minuty\" \/>\n<!-- \/ Yoast SEO Premium plugin. -->","yoast_head_json":{"title":"O iFamNews - IFN","robots":{"index":"index","follow":"follow","max-snippet":"max-snippet:-1","max-image-preview":"max-image-preview:large","max-video-preview":"max-video-preview:-1"},"canonical":"https:\/\/ifamnews.com\/pl\/o-ifamnews","og_locale":"pl_PL","og_type":"article","og_title":"O iFamNews","og_description":"Last updated on 12 grudnia, 2022 at 10:22 am iFamNews jest projektem Mi\u0119dzynarodowej Organizacji na rzecz Rodziny (IOF). Naszym celem jest zbudowanie pierwszego prawdziwie globalnego serwisu informacyjnego o tematyce prorodzinnej i pro-life. Tak jak IOF zjednoczy\u0142 dziesi\u0105tki tysi\u0119cy lider\u00f3w z ca\u0142ego \u015bwiata w naszych wydarzeniach \u015awiatowego Kongresu Rodzin (WCF), tak dzi\u0119ki tej nowej inicjatywie mamy [&hellip;]","og_url":"https:\/\/ifamnews.com\/pl\/o-ifamnews","og_site_name":"IFN","article_publisher":"https:\/\/www.facebook.com\/iFamNews","article_modified_time":"2022-12-12T15:22:11+00:00","og_image":[{"url":"https:\/\/ifamnews.com\/wp-content\/uploads\/2020\/01\/brown-150x150.jpg","type":"","width":"","height":""}],"twitter_card":"summary_large_image","twitter_site":"@iFamNewsEN","twitter_misc":{"Szacowany czas czytania":"2 minuty"},"schema":{"@context":"https:\/\/schema.org","@graph":[{"@type":"WebPage","@id":"https:\/\/ifamnews.com\/pl\/o-ifamnews","url":"https:\/\/ifamnews.com\/pl\/o-ifamnews","name":"O iFamNews - IFN","isPartOf":{"@id":"https:\/\/ifamnews.com\/en\/#website"},"primaryImageOfPage":{"@id":"https:\/\/ifamnews.com\/pl\/o-ifamnews#primaryimage"},"image":{"@id":"https:\/\/ifamnews.com\/pl\/o-ifamnews#primaryimage"},"thumbnailUrl":"https:\/\/ifamnews.com\/wp-content\/uploads\/2020\/01\/brown-150x150.jpg","datePublished":"2021-11-10T11:13:28+00:00","dateModified":"2022-12-12T15:22:11+00:00","breadcrumb":{"@id":"https:\/\/ifamnews.com\/pl\/o-ifamnews#breadcrumb"},"inLanguage":"pl-PL","potentialAction":[{"@type":"ReadAction","target":["https:\/\/ifamnews.com\/pl\/o-ifamnews"]}]},{"@type":"ImageObject","inLanguage":"pl-PL","@id":"https:\/\/ifamnews.com\/pl\/o-ifamnews#primaryimage","url":"https:\/\/ifamnews.com\/wp-content\/uploads\/2020\/01\/brown-150x150.jpg","contentUrl":"https:\/\/ifamnews.com\/wp-content\/uploads\/2020\/01\/brown-150x150.jpg"},{"@type":"BreadcrumbList","@id":"https:\/\/ifamnews.com\/pl\/o-ifamnews#breadcrumb","itemListElement":[{"@type":"ListItem","position":1,"name":"Home","item":"https:\/\/ifamnews.com\/de"},{"@type":"ListItem","position":2,"name":"O iFamNews"}]},{"@type":"WebSite","@id":"https:\/\/ifamnews.com\/en\/#website","url":"https:\/\/ifamnews.com\/en\/","name":"IFN","description":"International Family News Network","publisher":{"@id":"https:\/\/ifamnews.com\/en\/#organization"},"potentialAction":[{"@type":"SearchAction","target":{"@type":"EntryPoint","urlTemplate":"https:\/\/ifamnews.com\/en\/?s={search_term_string}"},"query-input":{"@type":"PropertyValueSpecification","valueRequired":true,"valueName":"search_term_string"}}],"inLanguage":"pl-PL"},{"@type":"Organization","@id":"https:\/\/ifamnews.com\/en\/#organization","name":"iFamNews","url":"https:\/\/ifamnews.com\/en\/","logo":{"@type":"ImageObject","inLanguage":"pl-PL","@id":"https:\/\/ifamnews.com\/en\/#\/schema\/logo\/image\/","url":"https:\/\/ifamnews.com\/wp-content\/uploads\/2020\/01\/Share-logo.png","contentUrl":"https:\/\/ifamnews.com\/wp-content\/uploads\/2020\/01\/Share-logo.png","width":200,"height":200,"caption":"iFamNews"},"image":{"@id":"https:\/\/ifamnews.com\/en\/#\/schema\/logo\/image\/"},"sameAs":["https:\/\/www.facebook.com\/iFamNews","https:\/\/x.com\/iFamNewsEN"]}]}},"campaignId":"","amp_enabled":true,"_links":{"self":[{"href":"https:\/\/ifamnews.com\/pl\/wp-json\/wp\/v2\/pages\/104249","targetHints":{"allow":["GET"]}}],"collection":[{"href":"https:\/\/ifamnews.com\/pl\/wp-json\/wp\/v2\/pages"}],"about":[{"href":"https:\/\/ifamnews.com\/pl\/wp-json\/wp\/v2\/types\/page"}],"author":[{"embeddable":true,"href":"https:\/\/ifamnews.com\/pl\/wp-json\/wp\/v2\/users\/1"}],"replies":[{"embeddable":true,"href":"https:\/\/ifamnews.com\/pl\/wp-json\/wp\/v2\/comments?post=104249"}],"version-history":[{"count":5,"href":"https:\/\/ifamnews.com\/pl\/wp-json\/wp\/v2\/pages\/104249\/revisions"}],"predecessor-version":[{"id":174832,"href":"https:\/\/ifamnews.com\/pl\/wp-json\/wp\/v2\/pages\/104249\/revisions\/174832"}],"wp:attachment":[{"href":"https:\/\/ifamnews.com\/pl\/wp-json\/wp\/v2\/media?parent=104249"}],"curies":[{"name":"wp","href":"https:\/\/api.w.org\/{rel}","templated":true}]}}