{"id":242026,"date":"2024-05-22T17:26:17","date_gmt":"2024-05-22T21:26:17","guid":{"rendered":"https:\/\/ifamnews.com\/?page_id=242026"},"modified":"2024-05-22T17:26:22","modified_gmt":"2024-05-22T21:26:22","slug":"o-nama","status":"publish","type":"page","link":"https:\/\/ifamnews.com\/hr\/o-nama","title":{"rendered":"O nama"},"content":{"rendered":"\n<p>iFamNews je projekt Me\u0111unarodne organizacije za obitelj (IOF). Na\u0161 cilj nije ni\u0161ta manje nego izgraditi prvu istinski globalnu novinsku ku\u0107u za obitelj i \u017eivot. Ba\u0161 kao \u0161to je IOF ujedinio desetke tisu\u0107a vo\u0111a iz cijelog svijeta u na\u0161im doga\u0111ajima Svjetskog kongresa obitelji (WCF), s ovom novom inicijativom nadamo se stvoriti online globalnu pro-obiteljsku zajednicu \u010ditatelja koji nam mogu vjerovati kao izvoru.<\/p>\n\n\n\n<h2 class=\"wp-block-heading\" id=\"h-nase-vodstvo\">Na\u0161e vodstvo<\/h2>\n\n\n\n<h3 class=\"wp-block-heading\" id=\"h-brian-s-brown-osnivac-i-glavni-urednik\"><strong><a href=\"https:\/\/ifamnews.com\/en\/author\/bbrown\/\">Brian S. Brown<\/a><\/strong>, osniva\u010d i glavni urednik<\/h3>\n\n\n<div class=\"wp-block-image\">\n<figure class=\"alignleft is-resized\"><img decoding=\"async\" src=\"https:\/\/ifamnews.com\/wp-content\/uploads\/2020\/01\/brown-300x300.jpg\" alt=\"\" class=\"wp-image-4319\" width=\"132\" height=\"132\" srcset=\"https:\/\/ifamnews.com\/wp-content\/uploads\/2020\/01\/brown-300x300.jpg 300w, https:\/\/ifamnews.com\/wp-content\/uploads\/2020\/01\/brown-1024x1024.jpg 1024w, https:\/\/ifamnews.com\/wp-content\/uploads\/2020\/01\/brown-150x150.jpg 150w, https:\/\/ifamnews.com\/wp-content\/uploads\/2020\/01\/brown-768x768.jpg 768w, https:\/\/ifamnews.com\/wp-content\/uploads\/2020\/01\/brown-75x75.jpg 75w, https:\/\/ifamnews.com\/wp-content\/uploads\/2020\/01\/brown-750x750.jpg 750w, https:\/\/ifamnews.com\/wp-content\/uploads\/2020\/01\/brown-1140x1140.jpg 1140w, https:\/\/ifamnews.com\/wp-content\/uploads\/2020\/01\/brown.jpg 1200w\" sizes=\"(max-width: 132px) 100vw, 132px\" \/><\/figure>\n<\/div>\n\n\n<p>Brian Brown predsjednik je Me\u0111unarodne organizacije za obitelj (IOF) od 2016. Brian tako\u0111er slu\u017ei kao predsjednik Nacionalne organizacije za brak (NOM) kao suosniva\u010d organizacije 2007. Brian se redovito citira u The Washington Post, The New York Times, The Associated Press, The Los Angeles Times, The New York Post i gotovo sve druge ve\u0107e novine u Sjedinjenim Dr\u017eavama. Tako\u0111er se redovito pojavljivao na ABC-u, CBS-u, NBC-u, CNN-u, FOX News Channelu, C-SPAN i MSNBC-u. Obrazovan na Sveu\u010dili\u0161tu Oxford i artikulirani zagovornik braka, on je tra\u017een govornik koji je govorio na stotinama skupova u cijeloj zemlji i u inozemstvu. Brian je C. Phil. na UCLA u ameri\u010dkoj povijesti, stekao diplomu B.A.\/M.A. magistrirao modernu povijest na Sveu\u010dili\u0161tu Oxford i diplomirao. doktorirao povijest na koled\u017eu Whittier. On i njegova supruga Susan imaju devetero djece.<\/p>\n","protected":false},"excerpt":{"rendered":"<p>iFamNews je projekt Me\u0111unarodne organizacije za obitelj (IOF). Na\u0161 cilj nije ni\u0161ta manje nego izgraditi prvu istinski globalnu novinsku ku\u0107u za obitelj i \u017eivot. Ba\u0161 kao \u0161to je IOF ujedinio desetke tisu\u0107a vo\u0111a iz cijelog svijeta u na\u0161im doga\u0111ajima Svjetskog kongresa obitelji (WCF), s ovom novom inicijativom nadamo se stvoriti online globalnu pro-obiteljsku zajednicu \u010ditatelja [&hellip;]<\/p>\n","protected":false},"author":31,"featured_media":0,"parent":0,"menu_order":0,"comment_status":"closed","ping_status":"closed","template":"","meta":{"give_campaign_id":0,"om_disable_all_campaigns":false,"_monsterinsights_skip_tracking":false,"_monsterinsights_sitenote_active":false,"_monsterinsights_sitenote_note":"","_monsterinsights_sitenote_category":0,"jnews_page_loop":{"enable_page_loop":"0","first_title":"Latest Post","second_title":"","header_type":"heading_6","header_background":"","header_text_color":"","layout":"right-sidebar","sidebar":"default-sidebar","second_sidebar":"default-sidebar","sticky_sidebar":"1","module":"3","boxed":"0","boxed_shadow":"0","box_shadow":"0","excerpt_length":"20","content_date":"default","date_custom":"Y\/m\/d","content_pagination":"nav_1","pagination_align":"center","show_navtext":"0","show_pageinfo":"0","post_offset":"0","posts_per_page":"5","include_post":"","exclude_post":"","include_category":"","exclude_category":"","include_author":"","include_tag":"","exclude_tag":"","sort_by":"latest"},"jnews_single_page":{"layout":"no-sidebar","sidebar":"default-sidebar","second_sidebar":"default-sidebar","sticky_sidebar":"1","show_post_featured":"1","show_post_meta":"0","share_position":"top","share_color":"share-monocrhome"},"jnews_social_meta":[],"footnotes":""},"class_list":["post-242026","page","type-page","status-publish","hentry"],"yoast_head":"<!-- This site is optimized with the Yoast SEO Premium plugin v25.9 (Yoast SEO v27.3) - https:\/\/yoast.com\/product\/yoast-seo-premium-wordpress\/ -->\n<title>O nama - IFN<\/title>\n<meta name=\"robots\" content=\"index, follow, max-snippet:-1, max-image-preview:large, max-video-preview:-1\" \/>\n<link rel=\"canonical\" href=\"https:\/\/ifamnews.com\/hr\/o-nama\" \/>\n<meta property=\"og:locale\" content=\"hr_HR\" \/>\n<meta property=\"og:type\" content=\"article\" \/>\n<meta property=\"og:title\" content=\"O nama\" \/>\n<meta property=\"og:description\" content=\"iFamNews je projekt Me\u0111unarodne organizacije za obitelj (IOF). Na\u0161 cilj nije ni\u0161ta manje nego izgraditi prvu istinski globalnu novinsku ku\u0107u za obitelj i \u017eivot. Ba\u0161 kao \u0161to je IOF ujedinio desetke tisu\u0107a vo\u0111a iz cijelog svijeta u na\u0161im doga\u0111ajima Svjetskog kongresa obitelji (WCF), s ovom novom inicijativom nadamo se stvoriti online globalnu pro-obiteljsku zajednicu \u010ditatelja [&hellip;]\" \/>\n<meta property=\"og:url\" content=\"https:\/\/ifamnews.com\/hr\/o-nama\" \/>\n<meta property=\"og:site_name\" content=\"IFN\" \/>\n<meta property=\"article:publisher\" content=\"https:\/\/www.facebook.com\/iFamNews\" \/>\n<meta property=\"article:modified_time\" content=\"2024-05-22T21:26:22+00:00\" \/>\n<meta property=\"og:image\" content=\"https:\/\/ifamnews.com\/wp-content\/uploads\/2020\/01\/brown-300x300.jpg\" \/>\n<meta name=\"twitter:card\" content=\"summary_large_image\" \/>\n<meta name=\"twitter:site\" content=\"@iFamNewsEN\" \/>\n<meta name=\"twitter:label1\" content=\"Est. reading time\" \/>\n\t<meta name=\"twitter:data1\" content=\"2 minutes\" \/>\n<!-- \/ Yoast SEO Premium plugin. -->","yoast_head_json":{"title":"O nama - IFN","robots":{"index":"index","follow":"follow","max-snippet":"max-snippet:-1","max-image-preview":"max-image-preview:large","max-video-preview":"max-video-preview:-1"},"canonical":"https:\/\/ifamnews.com\/hr\/o-nama","og_locale":"hr_HR","og_type":"article","og_title":"O nama","og_description":"iFamNews je projekt Me\u0111unarodne organizacije za obitelj (IOF). Na\u0161 cilj nije ni\u0161ta manje nego izgraditi prvu istinski globalnu novinsku ku\u0107u za obitelj i \u017eivot. Ba\u0161 kao \u0161to je IOF ujedinio desetke tisu\u0107a vo\u0111a iz cijelog svijeta u na\u0161im doga\u0111ajima Svjetskog kongresa obitelji (WCF), s ovom novom inicijativom nadamo se stvoriti online globalnu pro-obiteljsku zajednicu \u010ditatelja [&hellip;]","og_url":"https:\/\/ifamnews.com\/hr\/o-nama","og_site_name":"IFN","article_publisher":"https:\/\/www.facebook.com\/iFamNews","article_modified_time":"2024-05-22T21:26:22+00:00","og_image":[{"url":"https:\/\/ifamnews.com\/wp-content\/uploads\/2020\/01\/brown-300x300.jpg","type":"","width":"","height":""}],"twitter_card":"summary_large_image","twitter_site":"@iFamNewsEN","twitter_misc":{"Est. reading time":"2 minutes"},"schema":{"@context":"https:\/\/schema.org","@graph":[{"@type":"WebPage","@id":"https:\/\/ifamnews.com\/hr\/o-nama","url":"https:\/\/ifamnews.com\/hr\/o-nama","name":"O nama - IFN","isPartOf":{"@id":"https:\/\/ifamnews.com\/en\/#website"},"primaryImageOfPage":{"@id":"https:\/\/ifamnews.com\/hr\/o-nama#primaryimage"},"image":{"@id":"https:\/\/ifamnews.com\/hr\/o-nama#primaryimage"},"thumbnailUrl":"https:\/\/ifamnews.com\/wp-content\/uploads\/2020\/01\/brown-300x300.jpg","datePublished":"2024-05-22T21:26:17+00:00","dateModified":"2024-05-22T21:26:22+00:00","breadcrumb":{"@id":"https:\/\/ifamnews.com\/hr\/o-nama#breadcrumb"},"inLanguage":"hr-HR","potentialAction":[{"@type":"ReadAction","target":["https:\/\/ifamnews.com\/hr\/o-nama"]}]},{"@type":"ImageObject","inLanguage":"hr-HR","@id":"https:\/\/ifamnews.com\/hr\/o-nama#primaryimage","url":"https:\/\/ifamnews.com\/wp-content\/uploads\/2020\/01\/brown-300x300.jpg","contentUrl":"https:\/\/ifamnews.com\/wp-content\/uploads\/2020\/01\/brown-300x300.jpg"},{"@type":"BreadcrumbList","@id":"https:\/\/ifamnews.com\/hr\/o-nama#breadcrumb","itemListElement":[{"@type":"ListItem","position":1,"name":"Home","item":"https:\/\/ifamnews.com\/hr"},{"@type":"ListItem","position":2,"name":"O nama"}]},{"@type":"WebSite","@id":"https:\/\/ifamnews.com\/en\/#website","url":"https:\/\/ifamnews.com\/en\/","name":"IFN","description":"International Family News Network","publisher":{"@id":"https:\/\/ifamnews.com\/en\/#organization"},"potentialAction":[{"@type":"SearchAction","target":{"@type":"EntryPoint","urlTemplate":"https:\/\/ifamnews.com\/en\/?s={search_term_string}"},"query-input":{"@type":"PropertyValueSpecification","valueRequired":true,"valueName":"search_term_string"}}],"inLanguage":"hr-HR"},{"@type":"Organization","@id":"https:\/\/ifamnews.com\/en\/#organization","name":"iFamNews","url":"https:\/\/ifamnews.com\/en\/","logo":{"@type":"ImageObject","inLanguage":"hr-HR","@id":"https:\/\/ifamnews.com\/en\/#\/schema\/logo\/image\/","url":"https:\/\/ifamnews.com\/wp-content\/uploads\/2020\/01\/Share-logo.png","contentUrl":"https:\/\/ifamnews.com\/wp-content\/uploads\/2020\/01\/Share-logo.png","width":200,"height":200,"caption":"iFamNews"},"image":{"@id":"https:\/\/ifamnews.com\/en\/#\/schema\/logo\/image\/"},"sameAs":["https:\/\/www.facebook.com\/iFamNews","https:\/\/x.com\/iFamNewsEN"]}]}},"campaignId":"","amp_enabled":true,"_links":{"self":[{"href":"https:\/\/ifamnews.com\/hr\/wp-json\/wp\/v2\/pages\/242026","targetHints":{"allow":["GET"]}}],"collection":[{"href":"https:\/\/ifamnews.com\/hr\/wp-json\/wp\/v2\/pages"}],"about":[{"href":"https:\/\/ifamnews.com\/hr\/wp-json\/wp\/v2\/types\/page"}],"author":[{"embeddable":true,"href":"https:\/\/ifamnews.com\/hr\/wp-json\/wp\/v2\/users\/31"}],"replies":[{"embeddable":true,"href":"https:\/\/ifamnews.com\/hr\/wp-json\/wp\/v2\/comments?post=242026"}],"version-history":[{"count":2,"href":"https:\/\/ifamnews.com\/hr\/wp-json\/wp\/v2\/pages\/242026\/revisions"}],"predecessor-version":[{"id":242029,"href":"https:\/\/ifamnews.com\/hr\/wp-json\/wp\/v2\/pages\/242026\/revisions\/242029"}],"wp:attachment":[{"href":"https:\/\/ifamnews.com\/hr\/wp-json\/wp\/v2\/media?parent=242026"}],"curies":[{"name":"wp","href":"https:\/\/api.w.org\/{rel}","templated":true}]}}