{"id":4512,"date":"2020-01-21T13:51:49","date_gmt":"2020-01-21T18:51:49","guid":{"rendered":"\/?page_id=4512"},"modified":"2022-12-12T10:19:36","modified_gmt":"2022-12-12T15:19:36","slug":"nous-connaitre","status":"publish","type":"page","link":"https:\/\/ifamnews.com\/fr\/nous-connaitre","title":{"rendered":"Nous conna\u00eetre"},"content":{"rendered":"<p class=\"last-updated\">Last updated on d\u00e9cembre 12th, 2022 at 10:19 am<\/p>\n<p>iFamNews est un projet de l\u2019Organisation international pour la famille (<a href=\"https:\/\/profam.org\" target=\"_blank\" rel=\"noreferrer noopener\" aria-label=\"International Organization for the Family (opens in a new tab)\">International Organization for the Family<\/a>, IOF). Notre but n\u2019est rien de moins que de cr\u00e9er le premier m\u00e9dia international vraiment pro-vie et pro-famille. Exactement comme IOF a r\u00e9uni des dizaines de milliers de leaders du monde entier dans nos \u00e9v\u00e9nements du Congr\u00e8s Mondial des familles (World Congress of Families, WCF), nous voulons cr\u00e9er, avec cette nouvelle initiative, une communaut\u00e9 num\u00e9rique globale de lecteurs pro-famille qui pourront s\u2019appuyer sur nous comme sur une source fiable.<\/p>\n\n\n\n<h2 class=\"wp-block-heading\" id=\"h-notre-equipe\"><strong>Notre \u00e9quipe<\/strong><\/h2>\n\n\n\n<h4 class=\"wp-block-heading\" id=\"h-brian-s-brown-fondateur-et-redateur-en-chef\"><strong><a href=\"https:\/\/ifamnews.com\/en\/author\/bbrown\/\">Brian S. Brown<\/a>, Fondateur et <strong>R\u00e9dateur en chef<\/strong><\/strong><\/h4>\n\n\n<p><img decoding=\"async\" class=\"alignleft wp-image-4320\" src=\"https:\/\/ifamnews.com\/wp-content\/uploads\/2020\/01\/brown-150x150.jpg\" alt=\"\" width=\"150\" height=\"150\" srcset=\"https:\/\/ifamnews.com\/wp-content\/uploads\/2020\/01\/brown-150x150.jpg 150w, https:\/\/ifamnews.com\/wp-content\/uploads\/2020\/01\/brown-300x300.jpg 300w, https:\/\/ifamnews.com\/wp-content\/uploads\/2020\/01\/brown-1024x1024.jpg 1024w, https:\/\/ifamnews.com\/wp-content\/uploads\/2020\/01\/brown-768x768.jpg 768w, https:\/\/ifamnews.com\/wp-content\/uploads\/2020\/01\/brown-75x75.jpg 75w, https:\/\/ifamnews.com\/wp-content\/uploads\/2020\/01\/brown-750x750.jpg 750w, https:\/\/ifamnews.com\/wp-content\/uploads\/2020\/01\/brown-1140x1140.jpg 1140w, https:\/\/ifamnews.com\/wp-content\/uploads\/2020\/01\/brown.jpg 1200w\" sizes=\"(max-width: 150px) 100vw, 150px\" \/>Brian Brown est pr\u00e9sident de l\u2019Organisation international pour la famille (IOF) depuis 2016. Brian a \u00e9galement \u00e9t\u00e9 Pr\u00e9sident de l\u2019Organisation nationale pour le mariage (National Organization for Marriage, NOM) qu\u2019il a co-fond\u00e9e en 2007. Brian est cit\u00e9 r\u00e9guli\u00e8rement dans <em>The Washington Post<\/em>,\u00a0<em>The New York Times<\/em>,\u00a0<em>The Associated Press<\/em>,\u00a0<em>The Los Angeles Times<\/em>,\u00a0<em>The New York Post<\/em>, et pratiquement tous les autres grands journaux am\u00e9ricains. Il appara\u00eet \u00e9galement r\u00e9guli\u00e8rement sur ABC, CBS, NBC, CNN, FOX News Channel, C-SPAN and MSNBC. Form\u00e9 \u00e0 l\u2019universit\u00e9 d\u2019Oxford et avocat efficace du mariage, il est un orateur recherch\u00e9 et a parl\u00e9 dans des centaines de rassemblements \u00e0 travers les Etats-Unis et \u00e0 travers le monde. Brian est titulaire d\u2019un master de l\u2019universit\u00e9 en histoire am\u00e9ricaine. Il a \u00e9galement obtenu un master en histoire moderne \u00e0 l\u2019universit\u00e9 d\u2019Oxford et une licence d\u2019histoire \u00e0 Whittier College. Sa femme Susan et lui ont neuf jeunes enfants.<\/p>","protected":false},"excerpt":{"rendered":"<p>Last updated on d\u00e9cembre 12th, 2022 at 10:19 am iFamNews est un projet de l\u2019Organisation international pour la famille (International Organization for the Family, IOF). Notre but n\u2019est rien de moins que de cr\u00e9er le premier m\u00e9dia international vraiment pro-vie et pro-famille. Exactement comme IOF a r\u00e9uni des dizaines de milliers de leaders du monde [&hellip;]<\/p>\n","protected":false},"author":1,"featured_media":0,"parent":0,"menu_order":0,"comment_status":"closed","ping_status":"closed","template":"","meta":{"give_campaign_id":0,"om_disable_all_campaigns":false,"_monsterinsights_skip_tracking":false,"_monsterinsights_sitenote_active":false,"_monsterinsights_sitenote_note":"","_monsterinsights_sitenote_category":0,"jnews_page_loop":{"enable_page_loop":"0","first_title":"Latest Post","second_title":"","header_type":"heading_6","header_background":"","header_text_color":"","layout":"right-sidebar","sidebar":"default-sidebar","second_sidebar":"default-sidebar","sticky_sidebar":"1","module":"3","boxed":"0","boxed_shadow":"0","box_shadow":"0","excerpt_length":"20","content_date":"default","date_custom":"Y\/m\/d","content_pagination":"nav_1","pagination_align":"center","show_navtext":"0","show_pageinfo":"0","post_offset":"0","posts_per_page":"5","include_post":"","exclude_post":"","include_category":"","exclude_category":"","include_author":"","include_tag":"","exclude_tag":"","sort_by":"latest"},"jnews_single_page":{"layout":"no-sidebar","sidebar":"default-sidebar","second_sidebar":"default-sidebar","sticky_sidebar":"1","show_post_featured":"1","show_post_meta":"0","share_position":"top","share_color":"share-monocrhome"},"jnews_social_meta":{"fb_title":"","fb_description":"","fb_image":"","twitter_title":"","twitter_description":"","twitter_image":""},"footnotes":""},"class_list":["post-4512","page","type-page","status-publish","hentry"],"yoast_head":"<!-- This site is optimized with the Yoast SEO Premium plugin v25.9 (Yoast SEO v27.3) - https:\/\/yoast.com\/product\/yoast-seo-premium-wordpress\/ -->\n<title>Nous conna\u00eetre - IFN<\/title>\n<meta name=\"robots\" content=\"index, follow, max-snippet:-1, max-image-preview:large, max-video-preview:-1\" \/>\n<link rel=\"canonical\" href=\"https:\/\/ifamnews.com\/fr\/nous-connaitre\" \/>\n<meta property=\"og:locale\" content=\"fr_FR\" \/>\n<meta property=\"og:type\" content=\"article\" \/>\n<meta property=\"og:title\" content=\"Nous conna\u00eetre\" \/>\n<meta property=\"og:description\" content=\"Last updated on d\u00e9cembre 12th, 2022 at 10:19 am iFamNews est un projet de l\u2019Organisation international pour la famille (International Organization for the Family, IOF). Notre but n\u2019est rien de moins que de cr\u00e9er le premier m\u00e9dia international vraiment pro-vie et pro-famille. Exactement comme IOF a r\u00e9uni des dizaines de milliers de leaders du monde [&hellip;]\" \/>\n<meta property=\"og:url\" content=\"https:\/\/ifamnews.com\/fr\/nous-connaitre\" \/>\n<meta property=\"og:site_name\" content=\"IFN\" \/>\n<meta property=\"article:publisher\" content=\"https:\/\/www.facebook.com\/iFamNews\" \/>\n<meta property=\"article:modified_time\" content=\"2022-12-12T15:19:36+00:00\" \/>\n<meta property=\"og:image\" content=\"https:\/\/ifamnews.com\/wp-content\/uploads\/2020\/01\/brown-150x150.jpg\" \/>\n<meta name=\"twitter:card\" content=\"summary_large_image\" \/>\n<meta name=\"twitter:site\" content=\"@iFamNewsEN\" \/>\n<meta name=\"twitter:label1\" content=\"Dur\u00e9e de lecture estim\u00e9e\" \/>\n\t<meta name=\"twitter:data1\" content=\"2 minutes\" \/>\n<!-- \/ Yoast SEO Premium plugin. -->","yoast_head_json":{"title":"Nous conna\u00eetre - IFN","robots":{"index":"index","follow":"follow","max-snippet":"max-snippet:-1","max-image-preview":"max-image-preview:large","max-video-preview":"max-video-preview:-1"},"canonical":"https:\/\/ifamnews.com\/fr\/nous-connaitre","og_locale":"fr_FR","og_type":"article","og_title":"Nous conna\u00eetre","og_description":"Last updated on d\u00e9cembre 12th, 2022 at 10:19 am iFamNews est un projet de l\u2019Organisation international pour la famille (International Organization for the Family, IOF). Notre but n\u2019est rien de moins que de cr\u00e9er le premier m\u00e9dia international vraiment pro-vie et pro-famille. Exactement comme IOF a r\u00e9uni des dizaines de milliers de leaders du monde [&hellip;]","og_url":"https:\/\/ifamnews.com\/fr\/nous-connaitre","og_site_name":"IFN","article_publisher":"https:\/\/www.facebook.com\/iFamNews","article_modified_time":"2022-12-12T15:19:36+00:00","og_image":[{"url":"https:\/\/ifamnews.com\/wp-content\/uploads\/2020\/01\/brown-150x150.jpg","type":"","width":"","height":""}],"twitter_card":"summary_large_image","twitter_site":"@iFamNewsEN","twitter_misc":{"Dur\u00e9e de lecture estim\u00e9e":"2 minutes"},"schema":{"@context":"https:\/\/schema.org","@graph":[{"@type":"WebPage","@id":"https:\/\/ifamnews.com\/fr\/nous-connaitre","url":"https:\/\/ifamnews.com\/fr\/nous-connaitre","name":"Nous conna\u00eetre - IFN","isPartOf":{"@id":"https:\/\/ifamnews.com\/en\/#website"},"primaryImageOfPage":{"@id":"https:\/\/ifamnews.com\/fr\/nous-connaitre#primaryimage"},"image":{"@id":"https:\/\/ifamnews.com\/fr\/nous-connaitre#primaryimage"},"thumbnailUrl":"https:\/\/ifamnews.com\/wp-content\/uploads\/2020\/01\/brown-150x150.jpg","datePublished":"2020-01-21T18:51:49+00:00","dateModified":"2022-12-12T15:19:36+00:00","breadcrumb":{"@id":"https:\/\/ifamnews.com\/fr\/nous-connaitre#breadcrumb"},"inLanguage":"fr-FR","potentialAction":[{"@type":"ReadAction","target":["https:\/\/ifamnews.com\/fr\/nous-connaitre"]}]},{"@type":"ImageObject","inLanguage":"fr-FR","@id":"https:\/\/ifamnews.com\/fr\/nous-connaitre#primaryimage","url":"https:\/\/ifamnews.com\/wp-content\/uploads\/2020\/01\/brown-150x150.jpg","contentUrl":"https:\/\/ifamnews.com\/wp-content\/uploads\/2020\/01\/brown-150x150.jpg"},{"@type":"BreadcrumbList","@id":"https:\/\/ifamnews.com\/fr\/nous-connaitre#breadcrumb","itemListElement":[{"@type":"ListItem","position":1,"name":"Home","item":"https:\/\/ifamnews.com\/de"},{"@type":"ListItem","position":2,"name":"Nous conna\u00eetre"}]},{"@type":"WebSite","@id":"https:\/\/ifamnews.com\/en\/#website","url":"https:\/\/ifamnews.com\/en\/","name":"IFN","description":"International Family News Network","publisher":{"@id":"https:\/\/ifamnews.com\/en\/#organization"},"potentialAction":[{"@type":"SearchAction","target":{"@type":"EntryPoint","urlTemplate":"https:\/\/ifamnews.com\/en\/?s={search_term_string}"},"query-input":{"@type":"PropertyValueSpecification","valueRequired":true,"valueName":"search_term_string"}}],"inLanguage":"fr-FR"},{"@type":"Organization","@id":"https:\/\/ifamnews.com\/en\/#organization","name":"iFamNews","url":"https:\/\/ifamnews.com\/en\/","logo":{"@type":"ImageObject","inLanguage":"fr-FR","@id":"https:\/\/ifamnews.com\/en\/#\/schema\/logo\/image\/","url":"https:\/\/ifamnews.com\/wp-content\/uploads\/2020\/01\/Share-logo.png","contentUrl":"https:\/\/ifamnews.com\/wp-content\/uploads\/2020\/01\/Share-logo.png","width":200,"height":200,"caption":"iFamNews"},"image":{"@id":"https:\/\/ifamnews.com\/en\/#\/schema\/logo\/image\/"},"sameAs":["https:\/\/www.facebook.com\/iFamNews","https:\/\/x.com\/iFamNewsEN"]}]}},"campaignId":"","amp_enabled":true,"_links":{"self":[{"href":"https:\/\/ifamnews.com\/fr\/wp-json\/wp\/v2\/pages\/4512","targetHints":{"allow":["GET"]}}],"collection":[{"href":"https:\/\/ifamnews.com\/fr\/wp-json\/wp\/v2\/pages"}],"about":[{"href":"https:\/\/ifamnews.com\/fr\/wp-json\/wp\/v2\/types\/page"}],"author":[{"embeddable":true,"href":"https:\/\/ifamnews.com\/fr\/wp-json\/wp\/v2\/users\/1"}],"replies":[{"embeddable":true,"href":"https:\/\/ifamnews.com\/fr\/wp-json\/wp\/v2\/comments?post=4512"}],"version-history":[{"count":4,"href":"https:\/\/ifamnews.com\/fr\/wp-json\/wp\/v2\/pages\/4512\/revisions"}],"predecessor-version":[{"id":174829,"href":"https:\/\/ifamnews.com\/fr\/wp-json\/wp\/v2\/pages\/4512\/revisions\/174829"}],"wp:attachment":[{"href":"https:\/\/ifamnews.com\/fr\/wp-json\/wp\/v2\/media?parent=4512"}],"curies":[{"name":"wp","href":"https:\/\/api.w.org\/{rel}","templated":true}]}}