{"id":4544,"date":"2020-01-21T14:04:40","date_gmt":"2020-01-21T19:04:40","guid":{"rendered":"\/?page_id=4544"},"modified":"2020-08-28T12:30:50","modified_gmt":"2020-08-28T17:30:50","slug":"donar","status":"publish","type":"page","link":"https:\/\/ifamnews.com\/es\/donar","title":{"rendered":"Donar"},"content":{"rendered":"<div class=\"wpb-content-wrapper\"><p class=\"last-updated\">Last updated on agosto 28th, 2020 at 12:30 pm<\/p><p>[vc_row full_width=\u00bbstretch_row_content_no_spaces\u00bb content_placement=\u00bbtop\u00bb vc_row_background=\u00bb\u00bb css=\u00bb.vc_custom_1578601925510{margin-top: 0px !important;margin-bottom: 0px !important;border-top-width: 0px !important;border-bottom-width: 0px !important;padding-top: 0px !important;padding-bottom: 0px !important;background-position: center !important;background-repeat: no-repeat !important;background-size: cover !important;}\u00bb el_class=\u00bbdonate-hero-img\u00bb][vc_column][vc_single_image image=\u00bb5117&#8243; img_size=\u00bbfull\u00bb alignment=\u00bbcenter\u00bb el_class=\u00bbdonate-hero-img\u00bb css=\u00bb.vc_custom_1583341869820{margin-top: 0px !important;margin-bottom: 0px !important;border-top-width: 0px !important;border-bottom-width: 0px !important;padding-top: 0px !important;padding-bottom: 0px !important;}\u00bb][\/vc_column][\/vc_row][vc_row full_width=\u00bbstretch_row_content\u00bb equal_height=\u00bbyes\u00bb content_placement=\u00bbbottom\u00bb vc_row_background=\u00bb\u00bb css=\u00bb.vc_custom_1578958378151{background-color: #dcebef !important;background-position: center !important;background-repeat: no-repeat !important;background-size: contain !important;}\u00bb el_class=\u00bbdonate-text\u00bb][vc_column css=\u00bb.vc_custom_1578599009960{padding-top: 0px !important;padding-bottom: 0px !important;}\u00bb][vc_row_inner][vc_column_inner css=\u00bb.vc_custom_1578599017970{padding-top: 65px !important;padding-bottom: 65px !important;}\u00bb][vc_single_image image=\u00bb3664&#8243; img_size=\u00bb300&#215;92&#8243; alignment=\u00bbcenter\u00bb][vc_btn title=\u00bbM\u00c1S INFORMACI\u00d3N\u00bb color=\u00bbsky\u00bb size=\u00bblg\u00bb align=\u00bbcenter\u00bb link=\u00bburl:%2Fes%2Facerca-de%2F|title:Acerca%20de||\u00bb][\/vc_column_inner][\/vc_row_inner][\/vc_column][\/vc_row][vc_row vc_row_background=\u00bb\u00bb css=\u00bb.vc_custom_1578600112137{padding-top: 65px !important;padding-bottom: 65px !important;}\u00bb][vc_column width=\u00bb1\/2&#8243;][vc_icon icon_fontawesome=\u00bbfa fa-envelope\u00bb color=\u00bbsky\u00bb size=\u00bblg\u00bb align=\u00bbcenter\u00bb css=\u00bb.vc_custom_1578600076704{margin-bottom: 0px !important;}\u00bb][vc_custom_heading text=\u00bbDonaciones por correo\u00bb font_container=\u00bbtag:h3|text_align:center|color:%2359a7da\u00bb use_theme_fonts=\u00bbyes\u00bb][vc_column_text]<\/p>\n<p style=\"text-align: center;\">Haz una donaci\u00f3n envi\u00e1ndonos tu cheque, giro postal o una carta con la informaci\u00f3n de tu tarjeta de cr\u00e9dito: iFamNews, 934 North Main Street, Rockford IL 61103.<\/p>\n<p>[\/vc_column_text][\/vc_column][vc_column width=\u00bb1\/2&#8243;][vc_icon icon_fontawesome=\u00bbfa fa-phone\u00bb color=\u00bbsky\u00bb size=\u00bblg\u00bb align=\u00bbcenter\u00bb css=\u00bb.vc_custom_1578600081112{margin-bottom: 0px !important;}\u00bb][vc_custom_heading text=\u00bbDonaciones por tel\u00e9fono\u00bb font_container=\u00bbtag:h3|text_align:center|color:%2359a7da\u00bb use_theme_fonts=\u00bbyes\u00bb][vc_column_text]<\/p>\n<p style=\"text-align: center;\">Para hacer una donaci\u00f3n por tel\u00e9fono, por favor llama a nuestra oficina al +1-815-964-5819 (en ingl\u00e9s).<\/p>\n<p>[\/vc_column_text][\/vc_column][\/vc_row]<\/p>\n<\/div>","protected":false},"excerpt":{"rendered":"<p>Last updated on agosto 28th, 2020 at 12:30 pm[vc_row full_width=\u00bbstretch_row_content_no_spaces\u00bb content_placement=\u00bbtop\u00bb vc_row_background=\u00bb\u00bb css=\u00bb.vc_custom_1578601925510{margin-top: 0px !important;margin-bottom: 0px !important;border-top-width: 0px !important;border-bottom-width: 0px !important;padding-top: 0px !important;padding-bottom: 0px !important;background-position: center !important;background-repeat: no-repeat !important;background-size: cover !important;}\u00bb el_class=\u00bbdonate-hero-img\u00bb][vc_column][vc_single_image image=\u00bb5117&#8243; img_size=\u00bbfull\u00bb alignment=\u00bbcenter\u00bb el_class=\u00bbdonate-hero-img\u00bb css=\u00bb.vc_custom_1583341869820{margin-top: 0px !important;margin-bottom: 0px !important;border-top-width: 0px !important;border-bottom-width: 0px !important;padding-top: 0px !important;padding-bottom: 0px !important;}\u00bb][\/vc_column][\/vc_row][vc_row full_width=\u00bbstretch_row_content\u00bb equal_height=\u00bbyes\u00bb content_placement=\u00bbbottom\u00bb vc_row_background=\u00bb\u00bb css=\u00bb.vc_custom_1578958378151{background-color: #dcebef [&hellip;]<\/p>\n","protected":false},"author":6,"featured_media":0,"parent":0,"menu_order":0,"comment_status":"closed","ping_status":"closed","template":"donate\/donate.php","meta":{"give_campaign_id":0,"om_disable_all_campaigns":false,"_monsterinsights_skip_tracking":false,"_monsterinsights_sitenote_active":false,"_monsterinsights_sitenote_note":"","_monsterinsights_sitenote_category":0,"jnews_page_loop":{"enable_page_loop":"0","first_title":"Latest Post","second_title":"","header_type":"heading_6","header_background":"","header_text_color":"","layout":"right-sidebar","sidebar":"default-sidebar","second_sidebar":"default-sidebar","sticky_sidebar":"1","module":"3","boxed":"0","boxed_shadow":"0","box_shadow":"0","excerpt_length":"20","content_date":"default","date_custom":"Y\/m\/d","content_pagination":"nav_1","pagination_align":"center","show_navtext":"0","show_pageinfo":"0","post_offset":"0","posts_per_page":"5","include_post":"","exclude_post":"","include_category":"","exclude_category":"","include_author":"","include_tag":"","exclude_tag":"","sort_by":"latest"},"jnews_single_page":{"layout":"no-sidebar","sidebar":"default-sidebar","second_sidebar":"default-sidebar","sticky_sidebar":"1","show_post_featured":"1","show_post_meta":"0","share_position":"top","share_color":"share-monocrhome"},"jnews_social_meta":{"fb_title":"","fb_description":"","fb_image":"","twitter_title":"","twitter_description":"","twitter_image":""},"footnotes":""},"class_list":["post-4544","page","type-page","status-publish","hentry"],"yoast_head":"<!-- This site is optimized with the Yoast SEO Premium plugin v25.9 (Yoast SEO v27.3) - https:\/\/yoast.com\/product\/yoast-seo-premium-wordpress\/ -->\n<title>Donar - IFN<\/title>\n<meta name=\"robots\" content=\"index, follow, max-snippet:-1, max-image-preview:large, max-video-preview:-1\" \/>\n<link rel=\"canonical\" href=\"https:\/\/ifamnews.com\/es\/donar\" \/>\n<meta property=\"og:locale\" content=\"es_ES\" \/>\n<meta property=\"og:type\" content=\"article\" \/>\n<meta property=\"og:title\" content=\"Donar\" \/>\n<meta property=\"og:description\" content=\"Last updated on agosto 28th, 2020 at 12:30 pm[vc_row full_width=\u00bbstretch_row_content_no_spaces\u00bb content_placement=\u00bbtop\u00bb vc_row_background=\u00bb\u00bb css=\u00bb.vc_custom_1578601925510{margin-top: 0px !important;margin-bottom: 0px !important;border-top-width: 0px !important;border-bottom-width: 0px !important;padding-top: 0px !important;padding-bottom: 0px !important;background-position: center !important;background-repeat: no-repeat !important;background-size: cover !important;}\u00bb el_class=\u00bbdonate-hero-img\u00bb][vc_column][vc_single_image image=\u00bb5117&#8243; img_size=\u00bbfull\u00bb alignment=\u00bbcenter\u00bb el_class=\u00bbdonate-hero-img\u00bb css=\u00bb.vc_custom_1583341869820{margin-top: 0px !important;margin-bottom: 0px !important;border-top-width: 0px !important;border-bottom-width: 0px !important;padding-top: 0px !important;padding-bottom: 0px !important;}\u00bb][\/vc_column][\/vc_row][vc_row full_width=\u00bbstretch_row_content\u00bb equal_height=\u00bbyes\u00bb content_placement=\u00bbbottom\u00bb vc_row_background=\u00bb\u00bb css=\u00bb.vc_custom_1578958378151{background-color: #dcebef [&hellip;]\" \/>\n<meta property=\"og:url\" content=\"https:\/\/ifamnews.com\/es\/donar\" \/>\n<meta property=\"og:site_name\" content=\"IFN\" \/>\n<meta property=\"article:publisher\" content=\"https:\/\/www.facebook.com\/iFamNews\" \/>\n<meta property=\"article:modified_time\" content=\"2020-08-28T17:30:50+00:00\" \/>\n<meta property=\"og:image\" content=\"https:\/\/ifamnews.com\/wp-content\/uploads\/2019\/11\/logo@2x.png\" \/>\n\t<meta property=\"og:image:width\" content=\"363\" \/>\n\t<meta property=\"og:image:height\" content=\"112\" \/>\n\t<meta property=\"og:image:type\" content=\"image\/png\" \/>\n<meta name=\"twitter:card\" content=\"summary_large_image\" \/>\n<meta name=\"twitter:site\" content=\"@iFamNewsEN\" \/>\n<meta name=\"twitter:label1\" content=\"Tiempo de lectura\" \/>\n\t<meta name=\"twitter:data1\" content=\"2 minutos\" \/>\n<!-- \/ Yoast SEO Premium plugin. -->","yoast_head_json":{"title":"Donar - IFN","robots":{"index":"index","follow":"follow","max-snippet":"max-snippet:-1","max-image-preview":"max-image-preview:large","max-video-preview":"max-video-preview:-1"},"canonical":"https:\/\/ifamnews.com\/es\/donar","og_locale":"es_ES","og_type":"article","og_title":"Donar","og_description":"Last updated on agosto 28th, 2020 at 12:30 pm[vc_row full_width=\u00bbstretch_row_content_no_spaces\u00bb content_placement=\u00bbtop\u00bb vc_row_background=\u00bb\u00bb css=\u00bb.vc_custom_1578601925510{margin-top: 0px !important;margin-bottom: 0px !important;border-top-width: 0px !important;border-bottom-width: 0px !important;padding-top: 0px !important;padding-bottom: 0px !important;background-position: center !important;background-repeat: no-repeat !important;background-size: cover !important;}\u00bb el_class=\u00bbdonate-hero-img\u00bb][vc_column][vc_single_image image=\u00bb5117&#8243; img_size=\u00bbfull\u00bb alignment=\u00bbcenter\u00bb el_class=\u00bbdonate-hero-img\u00bb css=\u00bb.vc_custom_1583341869820{margin-top: 0px !important;margin-bottom: 0px !important;border-top-width: 0px !important;border-bottom-width: 0px !important;padding-top: 0px !important;padding-bottom: 0px !important;}\u00bb][\/vc_column][\/vc_row][vc_row full_width=\u00bbstretch_row_content\u00bb equal_height=\u00bbyes\u00bb content_placement=\u00bbbottom\u00bb vc_row_background=\u00bb\u00bb css=\u00bb.vc_custom_1578958378151{background-color: #dcebef [&hellip;]","og_url":"https:\/\/ifamnews.com\/es\/donar","og_site_name":"IFN","article_publisher":"https:\/\/www.facebook.com\/iFamNews","article_modified_time":"2020-08-28T17:30:50+00:00","og_image":[{"width":363,"height":112,"url":"https:\/\/ifamnews.com\/wp-content\/uploads\/2019\/11\/logo@2x.png","type":"image\/png"}],"twitter_card":"summary_large_image","twitter_site":"@iFamNewsEN","twitter_misc":{"Tiempo de lectura":"2 minutos"},"schema":{"@context":"https:\/\/schema.org","@graph":[{"@type":"WebPage","@id":"https:\/\/ifamnews.com\/es\/donar","url":"https:\/\/ifamnews.com\/es\/donar","name":"Donar - IFN","isPartOf":{"@id":"https:\/\/ifamnews.com\/en\/#website"},"datePublished":"2020-01-21T19:04:40+00:00","dateModified":"2020-08-28T17:30:50+00:00","breadcrumb":{"@id":"https:\/\/ifamnews.com\/es\/donar#breadcrumb"},"inLanguage":"es","potentialAction":[{"@type":"ReadAction","target":["https:\/\/ifamnews.com\/es\/donar"]}]},{"@type":"BreadcrumbList","@id":"https:\/\/ifamnews.com\/es\/donar#breadcrumb","itemListElement":[{"@type":"ListItem","position":1,"name":"Home","item":"https:\/\/ifamnews.com\/de"},{"@type":"ListItem","position":2,"name":"Donar"}]},{"@type":"WebSite","@id":"https:\/\/ifamnews.com\/en\/#website","url":"https:\/\/ifamnews.com\/en\/","name":"IFN","description":"International Family News Network","publisher":{"@id":"https:\/\/ifamnews.com\/en\/#organization"},"potentialAction":[{"@type":"SearchAction","target":{"@type":"EntryPoint","urlTemplate":"https:\/\/ifamnews.com\/en\/?s={search_term_string}"},"query-input":{"@type":"PropertyValueSpecification","valueRequired":true,"valueName":"search_term_string"}}],"inLanguage":"es"},{"@type":"Organization","@id":"https:\/\/ifamnews.com\/en\/#organization","name":"iFamNews","url":"https:\/\/ifamnews.com\/en\/","logo":{"@type":"ImageObject","inLanguage":"es","@id":"https:\/\/ifamnews.com\/en\/#\/schema\/logo\/image\/","url":"https:\/\/ifamnews.com\/wp-content\/uploads\/2020\/01\/Share-logo.png","contentUrl":"https:\/\/ifamnews.com\/wp-content\/uploads\/2020\/01\/Share-logo.png","width":200,"height":200,"caption":"iFamNews"},"image":{"@id":"https:\/\/ifamnews.com\/en\/#\/schema\/logo\/image\/"},"sameAs":["https:\/\/www.facebook.com\/iFamNews","https:\/\/x.com\/iFamNewsEN"]}]}},"campaignId":"","amp_enabled":false,"_links":{"self":[{"href":"https:\/\/ifamnews.com\/es\/wp-json\/wp\/v2\/pages\/4544","targetHints":{"allow":["GET"]}}],"collection":[{"href":"https:\/\/ifamnews.com\/es\/wp-json\/wp\/v2\/pages"}],"about":[{"href":"https:\/\/ifamnews.com\/es\/wp-json\/wp\/v2\/types\/page"}],"author":[{"embeddable":true,"href":"https:\/\/ifamnews.com\/es\/wp-json\/wp\/v2\/users\/6"}],"replies":[{"embeddable":true,"href":"https:\/\/ifamnews.com\/es\/wp-json\/wp\/v2\/comments?post=4544"}],"version-history":[{"count":5,"href":"https:\/\/ifamnews.com\/es\/wp-json\/wp\/v2\/pages\/4544\/revisions"}],"predecessor-version":[{"id":26273,"href":"https:\/\/ifamnews.com\/es\/wp-json\/wp\/v2\/pages\/4544\/revisions\/26273"}],"wp:attachment":[{"href":"https:\/\/ifamnews.com\/es\/wp-json\/wp\/v2\/media?parent=4544"}],"curies":[{"name":"wp","href":"https:\/\/api.w.org\/{rel}","templated":true}]}}