{"id":4516,"date":"2020-01-21T13:54:45","date_gmt":"2020-01-21T18:54:45","guid":{"rendered":"\/?page_id=4516"},"modified":"2022-12-12T10:17:51","modified_gmt":"2022-12-12T15:17:51","slug":"acerca-de","status":"publish","type":"page","link":"https:\/\/ifamnews.com\/es\/acerca-de","title":{"rendered":"Con\u00f3cenos"},"content":{"rendered":"<p class=\"last-updated\">Last updated on diciembre 12th, 2022 at 10:17 am<\/p>\n<p>iFamNews es un proyecto de <a rel=\"noreferrer noopener\" aria-label=\"la Organizaci\u00f3n Internacional para la Familia (IOF) (opens in a new tab)\" href=\"https:\/\/profam.org\" target=\"_blank\">la Organizaci\u00f3n Internacional para la Familia (IOF)<\/a>. Nuestro objetivo no es nada menos que construir el primer medio de comunicaci\u00f3n&nbsp; pro-familia y pro-vida verdaderamente   global. De la misma manera que IOF ha unido a decenas de miles de l\u00edderes de   todo el mundo en nuestros eventos del Congreso Mundial de Familias (WCF), con   esta nueva iniciativa esperamos crear una comunidad global de lectores   pro-familia en l\u00ednea que puedan confiar en nosotros como fuente de noticias.   . <\/p>\n\n\n\n<h2 class=\"wp-block-heading\" id=\"h-nuestros-dirigentes\"><strong>Nuestros dirigentes<\/strong><\/h2>\n\n\n\n<h4 class=\"wp-block-heading\" id=\"h-brian-s-brown-fundador-y-director\"><strong><a href=\"https:\/\/ifamnews.com\/en\/author\/bbrown\/\">Brian S. Brown<\/a>, Fundador y <strong>Director<\/strong><\/strong><\/h4>\n\n\n<p><img decoding=\"async\" class=\"alignleft wp-image-4323\" src=\"https:\/\/ifamnews.com\/wp-content\/uploads\/2020\/01\/brown-150x150.jpg\" alt=\"\" width=\"150\" height=\"150\" srcset=\"https:\/\/ifamnews.com\/wp-content\/uploads\/2020\/01\/brown-150x150.jpg 150w, https:\/\/ifamnews.com\/wp-content\/uploads\/2020\/01\/brown-300x300.jpg 300w, https:\/\/ifamnews.com\/wp-content\/uploads\/2020\/01\/brown-1024x1024.jpg 1024w, https:\/\/ifamnews.com\/wp-content\/uploads\/2020\/01\/brown-768x768.jpg 768w, https:\/\/ifamnews.com\/wp-content\/uploads\/2020\/01\/brown-75x75.jpg 75w, https:\/\/ifamnews.com\/wp-content\/uploads\/2020\/01\/brown-750x750.jpg 750w, https:\/\/ifamnews.com\/wp-content\/uploads\/2020\/01\/brown-1140x1140.jpg 1140w, https:\/\/ifamnews.com\/wp-content\/uploads\/2020\/01\/brown.jpg 1200w\" sizes=\"(max-width: 150px) 100vw, 150px\" \/>Brian Brown ocupa el cargo de presidente de la Organizaci\u00f3n Internacional para la Familia (IOF) desde 2016. Brian tambi\u00e9n se desempe\u00f1a como Presidente de la Organizaci\u00f3n Nacional para el Matrimonio (NOM) despu\u00e9s de haber cofundado la organizaci\u00f3n en 2007. Brian ha sido citado regularmente en <em>The Washington Post, The New York Times, The Associated Press, The Los Angeles Times, The New York Post<\/em> y casi todos los dem\u00e1s peri\u00f3dicos importantes del pa\u00eds. Tambi\u00e9n ha aparecido regularmente en ABC, CBS, NBC, CNN, FOX News Channel, C-SPAN y MSNBC. Un defensor y promotor del matrimonio, licenciado en la Universidad de Oxford, es un orador muy solicitado que ha intervenido en cientos de reuniones en todo el pa\u00eds y a nivel\u00a0 internacional.\u00a0 Brian es un C. Phil. en la\u00a0 UCLA en Historia Americana, obtuvo su B.A.\/M.A. en Historia Moderna en la Universidad de Oxford, y recibi\u00f3 su B.A. en Historia en el Whittier College. \u00c9l y su esposa Susan tienen nueve hijos peque\u00f1os.<\/p>","protected":false},"excerpt":{"rendered":"<p>Last updated on diciembre 12th, 2022 at 10:17 am iFamNews es un proyecto de la Organizaci\u00f3n Internacional para la Familia (IOF). Nuestro objetivo no es nada menos que construir el primer medio de comunicaci\u00f3n&nbsp; pro-familia y pro-vida verdaderamente global. De la misma manera que IOF ha unido a decenas de miles de l\u00edderes de todo [&hellip;]<\/p>\n","protected":false},"author":1,"featured_media":0,"parent":0,"menu_order":0,"comment_status":"closed","ping_status":"closed","template":"","meta":{"give_campaign_id":0,"om_disable_all_campaigns":false,"_monsterinsights_skip_tracking":false,"_monsterinsights_sitenote_active":false,"_monsterinsights_sitenote_note":"","_monsterinsights_sitenote_category":0,"jnews_page_loop":{"enable_page_loop":"0","first_title":"Latest Post","second_title":"","header_type":"heading_6","header_background":"","header_text_color":"","layout":"right-sidebar","sidebar":"default-sidebar","second_sidebar":"default-sidebar","sticky_sidebar":"1","module":"3","boxed":"0","boxed_shadow":"0","box_shadow":"0","excerpt_length":"20","content_date":"default","date_custom":"Y\/m\/d","content_pagination":"nav_1","pagination_align":"center","show_navtext":"0","show_pageinfo":"0","post_offset":"0","posts_per_page":"5","include_post":"","exclude_post":"","include_category":"","exclude_category":"","include_author":"","include_tag":"","exclude_tag":"","sort_by":"latest"},"jnews_single_page":{"layout":"no-sidebar","sidebar":"default-sidebar","second_sidebar":"default-sidebar","sticky_sidebar":"1","show_post_featured":"1","show_post_meta":"0","share_position":"top","share_color":"share-monocrhome"},"jnews_social_meta":{"fb_title":"","fb_description":"","fb_image":"","twitter_title":"","twitter_description":"","twitter_image":""},"footnotes":""},"class_list":["post-4516","page","type-page","status-publish","hentry"],"yoast_head":"<!-- This site is optimized with the Yoast SEO Premium plugin v25.9 (Yoast SEO v27.3) - https:\/\/yoast.com\/product\/yoast-seo-premium-wordpress\/ -->\n<title>Con\u00f3cenos - IFN<\/title>\n<meta name=\"robots\" content=\"index, follow, max-snippet:-1, max-image-preview:large, max-video-preview:-1\" \/>\n<link rel=\"canonical\" href=\"https:\/\/ifamnews.com\/es\/acerca-de\" \/>\n<meta property=\"og:locale\" content=\"es_ES\" \/>\n<meta property=\"og:type\" content=\"article\" \/>\n<meta property=\"og:title\" content=\"Con\u00f3cenos\" \/>\n<meta property=\"og:description\" content=\"Last updated on diciembre 12th, 2022 at 10:17 am iFamNews es un proyecto de la Organizaci\u00f3n Internacional para la Familia (IOF). Nuestro objetivo no es nada menos que construir el primer medio de comunicaci\u00f3n&nbsp; pro-familia y pro-vida verdaderamente global. De la misma manera que IOF ha unido a decenas de miles de l\u00edderes de todo [&hellip;]\" \/>\n<meta property=\"og:url\" content=\"https:\/\/ifamnews.com\/es\/acerca-de\" \/>\n<meta property=\"og:site_name\" content=\"IFN\" \/>\n<meta property=\"article:publisher\" content=\"https:\/\/www.facebook.com\/iFamNews\" \/>\n<meta property=\"article:modified_time\" content=\"2022-12-12T15:17:51+00:00\" \/>\n<meta property=\"og:image\" content=\"https:\/\/ifamnews.com\/wp-content\/uploads\/2020\/01\/brown-150x150.jpg\" \/>\n<meta name=\"twitter:card\" content=\"summary_large_image\" \/>\n<meta name=\"twitter:site\" content=\"@iFamNewsEN\" \/>\n<meta name=\"twitter:label1\" content=\"Tiempo de lectura\" \/>\n\t<meta name=\"twitter:data1\" content=\"2 minutos\" \/>\n<!-- \/ Yoast SEO Premium plugin. -->","yoast_head_json":{"title":"Con\u00f3cenos - IFN","robots":{"index":"index","follow":"follow","max-snippet":"max-snippet:-1","max-image-preview":"max-image-preview:large","max-video-preview":"max-video-preview:-1"},"canonical":"https:\/\/ifamnews.com\/es\/acerca-de","og_locale":"es_ES","og_type":"article","og_title":"Con\u00f3cenos","og_description":"Last updated on diciembre 12th, 2022 at 10:17 am iFamNews es un proyecto de la Organizaci\u00f3n Internacional para la Familia (IOF). Nuestro objetivo no es nada menos que construir el primer medio de comunicaci\u00f3n&nbsp; pro-familia y pro-vida verdaderamente global. De la misma manera que IOF ha unido a decenas de miles de l\u00edderes de todo [&hellip;]","og_url":"https:\/\/ifamnews.com\/es\/acerca-de","og_site_name":"IFN","article_publisher":"https:\/\/www.facebook.com\/iFamNews","article_modified_time":"2022-12-12T15:17:51+00:00","og_image":[{"url":"https:\/\/ifamnews.com\/wp-content\/uploads\/2020\/01\/brown-150x150.jpg","type":"","width":"","height":""}],"twitter_card":"summary_large_image","twitter_site":"@iFamNewsEN","twitter_misc":{"Tiempo de lectura":"2 minutos"},"schema":{"@context":"https:\/\/schema.org","@graph":[{"@type":"WebPage","@id":"https:\/\/ifamnews.com\/es\/acerca-de","url":"https:\/\/ifamnews.com\/es\/acerca-de","name":"Con\u00f3cenos - IFN","isPartOf":{"@id":"https:\/\/ifamnews.com\/en\/#website"},"primaryImageOfPage":{"@id":"https:\/\/ifamnews.com\/es\/acerca-de#primaryimage"},"image":{"@id":"https:\/\/ifamnews.com\/es\/acerca-de#primaryimage"},"thumbnailUrl":"https:\/\/ifamnews.com\/wp-content\/uploads\/2020\/01\/brown-150x150.jpg","datePublished":"2020-01-21T18:54:45+00:00","dateModified":"2022-12-12T15:17:51+00:00","breadcrumb":{"@id":"https:\/\/ifamnews.com\/es\/acerca-de#breadcrumb"},"inLanguage":"es","potentialAction":[{"@type":"ReadAction","target":["https:\/\/ifamnews.com\/es\/acerca-de"]}]},{"@type":"ImageObject","inLanguage":"es","@id":"https:\/\/ifamnews.com\/es\/acerca-de#primaryimage","url":"https:\/\/ifamnews.com\/wp-content\/uploads\/2020\/01\/brown-150x150.jpg","contentUrl":"https:\/\/ifamnews.com\/wp-content\/uploads\/2020\/01\/brown-150x150.jpg"},{"@type":"BreadcrumbList","@id":"https:\/\/ifamnews.com\/es\/acerca-de#breadcrumb","itemListElement":[{"@type":"ListItem","position":1,"name":"Home","item":"https:\/\/ifamnews.com\/de"},{"@type":"ListItem","position":2,"name":"Con\u00f3cenos"}]},{"@type":"WebSite","@id":"https:\/\/ifamnews.com\/en\/#website","url":"https:\/\/ifamnews.com\/en\/","name":"IFN","description":"International Family News Network","publisher":{"@id":"https:\/\/ifamnews.com\/en\/#organization"},"potentialAction":[{"@type":"SearchAction","target":{"@type":"EntryPoint","urlTemplate":"https:\/\/ifamnews.com\/en\/?s={search_term_string}"},"query-input":{"@type":"PropertyValueSpecification","valueRequired":true,"valueName":"search_term_string"}}],"inLanguage":"es"},{"@type":"Organization","@id":"https:\/\/ifamnews.com\/en\/#organization","name":"iFamNews","url":"https:\/\/ifamnews.com\/en\/","logo":{"@type":"ImageObject","inLanguage":"es","@id":"https:\/\/ifamnews.com\/en\/#\/schema\/logo\/image\/","url":"https:\/\/ifamnews.com\/wp-content\/uploads\/2020\/01\/Share-logo.png","contentUrl":"https:\/\/ifamnews.com\/wp-content\/uploads\/2020\/01\/Share-logo.png","width":200,"height":200,"caption":"iFamNews"},"image":{"@id":"https:\/\/ifamnews.com\/en\/#\/schema\/logo\/image\/"},"sameAs":["https:\/\/www.facebook.com\/iFamNews","https:\/\/x.com\/iFamNewsEN"]}]}},"campaignId":"","amp_enabled":true,"_links":{"self":[{"href":"https:\/\/ifamnews.com\/es\/wp-json\/wp\/v2\/pages\/4516","targetHints":{"allow":["GET"]}}],"collection":[{"href":"https:\/\/ifamnews.com\/es\/wp-json\/wp\/v2\/pages"}],"about":[{"href":"https:\/\/ifamnews.com\/es\/wp-json\/wp\/v2\/types\/page"}],"author":[{"embeddable":true,"href":"https:\/\/ifamnews.com\/es\/wp-json\/wp\/v2\/users\/1"}],"replies":[{"embeddable":true,"href":"https:\/\/ifamnews.com\/es\/wp-json\/wp\/v2\/comments?post=4516"}],"version-history":[{"count":5,"href":"https:\/\/ifamnews.com\/es\/wp-json\/wp\/v2\/pages\/4516\/revisions"}],"predecessor-version":[{"id":174828,"href":"https:\/\/ifamnews.com\/es\/wp-json\/wp\/v2\/pages\/4516\/revisions\/174828"}],"wp:attachment":[{"href":"https:\/\/ifamnews.com\/es\/wp-json\/wp\/v2\/media?parent=4516"}],"curies":[{"name":"wp","href":"https:\/\/api.w.org\/{rel}","templated":true}]}}