{"id":4514,"date":"2020-01-21T13:53:11","date_gmt":"2020-01-21T18:53:11","guid":{"rendered":"\/?page_id=4514"},"modified":"2022-12-12T10:20:37","modified_gmt":"2022-12-12T15:20:37","slug":"unsere-firma","status":"publish","type":"page","link":"https:\/\/ifamnews.com\/de\/unsere-firma","title":{"rendered":"Unsere Firma"},"content":{"rendered":"<p class=\"last-updated\">Last updated on Dezember 12th, 2022 at 10:20 a.m.<\/p>\n<p> iFamNews ist ein Projekt der <a href=\"https:\/\/profam.org\" target=\"_blank\" rel=\"noreferrer noopener\" aria-label=\"Internationalen Organisation f\u00fcr die Familie (opens in a new tab)\">Internationalen Organisation f\u00fcr die Familie<\/a> (IOF). Unser Bestreben ist, die erste wirklich globale Familien- und Lebensschutz Nachrichtenseite im Web zu schaffen. Wie die IOF zehntausende Lebenssch\u00fctzer der ganzen Welt in dem Weltkongress f\u00fcr Familien (WCF) vereint hat, so hoffen wir mit dieser neuen Initiative eine globale Familienschutz-Gemeinschaft aufzubauen, der Leser als verl\u00e4ssliche Nachrichtenquelle vertrauen k\u00f6nnen. <\/p>\n\n\n\n<h2 class=\"wp-block-heading\" id=\"h-unser-team\"><strong>Unser Team<\/strong><\/h2>\n\n\n\n<h4 class=\"wp-block-heading\" id=\"h-brian-s-brown-grunder-und-chefredakteur\"><strong><a href=\"https:\/\/ifamnews.com\/en\/author\/bbrown\/\">Brian S. Brown<\/a>, <\/strong> <strong>Gr\u00fcnder<\/strong> <strong>und Chefredakteur<\/strong><\/h4>\n\n\n<p><img decoding=\"async\" class=\"alignleft wp-image-4321\" src=\"https:\/\/ifamnews.com\/wp-content\/uploads\/2020\/01\/brown-150x150.jpg\" alt=\"\" width=\"150\" height=\"150\" srcset=\"https:\/\/ifamnews.com\/wp-content\/uploads\/2020\/01\/brown-150x150.jpg 150w, https:\/\/ifamnews.com\/wp-content\/uploads\/2020\/01\/brown-300x300.jpg 300w, https:\/\/ifamnews.com\/wp-content\/uploads\/2020\/01\/brown-1024x1024.jpg 1024w, https:\/\/ifamnews.com\/wp-content\/uploads\/2020\/01\/brown-768x768.jpg 768w, https:\/\/ifamnews.com\/wp-content\/uploads\/2020\/01\/brown-75x75.jpg 75w, https:\/\/ifamnews.com\/wp-content\/uploads\/2020\/01\/brown-750x750.jpg 750w, https:\/\/ifamnews.com\/wp-content\/uploads\/2020\/01\/brown-1140x1140.jpg 1140w, https:\/\/ifamnews.com\/wp-content\/uploads\/2020\/01\/brown.jpg 1200w\" sizes=\"(max-width: 150px) 100vw, 150px\" \/><\/p>\n<p>Brian Brown ist seit 2016 Pr\u00e4sident der Internationalen Organisation f\u00fcr die Familie (IOF) und Pr\u00e4sident der Nationalen Organisation f\u00fcr Ehe (NOM), deren Mitgr\u00fcnder er 2007 war. Brian wird regelm\u00e4\u00dfig in Zeitungen wie der <em>Washington Post<\/em>, <em>New York Times<\/em>, <em>Associated Press<\/em>, <em>Los Angeles Tim<\/em>es, <em>New York Post <\/em>und fast jeder anderen gro\u00dfen Zeitung in den Vereinigten Staaten zitiert. Er ist regelm\u00e4\u00dfig Gast bei ABC, CBS, NBC, CNN, FOX News Channel, C-SPAN und MSNBC. Als Familienanwalt an der Universit\u00e4t Oxford ausgebildet, ist er ein gefragter Redner zum Thema Familie, der an hunderten Tagungen und Treffen in Amerika und in vielen L\u00e4ndern weltweit teilgenommen hat. Brown ist C. Phil. der Universit\u00e4t UCLA in den USA, erwarb seinen B.A.\/M.A. in Moderner Geschichte in Oxford und erntete einen B.A. in Geschichte am Whittier College. Er ist mit Susan verheiratet und die beiden haben neun Kinder.<\/p>","protected":false},"excerpt":{"rendered":"<p>Last updated on Dezember 12th, 2022 at 10:20 a.m. iFamNews ist ein Projekt der Internationalen Organisation f\u00fcr die Familie (IOF). Unser Bestreben ist, die erste wirklich globale Familien- und Lebensschutz Nachrichtenseite im Web zu schaffen. Wie die IOF zehntausende Lebenssch\u00fctzer der ganzen Welt in dem Weltkongress f\u00fcr Familien (WCF) vereint hat, so hoffen wir mit [&hellip;]<\/p>\n","protected":false},"author":6,"featured_media":0,"parent":0,"menu_order":0,"comment_status":"closed","ping_status":"closed","template":"","meta":{"give_campaign_id":0,"om_disable_all_campaigns":false,"_monsterinsights_skip_tracking":false,"_monsterinsights_sitenote_active":false,"_monsterinsights_sitenote_note":"","_monsterinsights_sitenote_category":0,"jnews_page_loop":{"enable_page_loop":"0","first_title":"Latest Post","second_title":"","header_type":"heading_6","header_background":"","header_text_color":"","layout":"right-sidebar","sidebar":"default-sidebar","second_sidebar":"default-sidebar","sticky_sidebar":"1","module":"3","boxed":"0","boxed_shadow":"0","box_shadow":"0","excerpt_length":"20","content_date":"default","date_custom":"Y\/m\/d","content_pagination":"nav_1","pagination_align":"center","show_navtext":"0","show_pageinfo":"0","post_offset":"0","posts_per_page":"5","include_post":"","exclude_post":"","include_category":"","exclude_category":"","include_author":"","include_tag":"","exclude_tag":"","sort_by":"latest"},"jnews_single_page":{"layout":"no-sidebar","sidebar":"default-sidebar","second_sidebar":"default-sidebar","sticky_sidebar":"1","show_post_featured":"1","show_post_meta":"0","share_position":"top","share_color":"share-monocrhome"},"jnews_social_meta":{"fb_title":"","fb_description":"","fb_image":"","twitter_title":"","twitter_description":"","twitter_image":""},"footnotes":""},"class_list":["post-4514","page","type-page","status-publish","hentry"],"yoast_head":"<!-- This site is optimized with the Yoast SEO Premium plugin v25.9 (Yoast SEO v25.9) - https:\/\/yoast.com\/wordpress\/plugins\/seo\/ -->\n<title>Unsere Firma - IFN<\/title>\n<meta name=\"robots\" content=\"index, follow, max-snippet:-1, max-image-preview:large, max-video-preview:-1\" \/>\n<link rel=\"canonical\" href=\"https:\/\/ifamnews.com\/de\/unsere-firma\" \/>\n<meta property=\"og:locale\" content=\"de_DE\" \/>\n<meta property=\"og:type\" content=\"article\" \/>\n<meta property=\"og:title\" content=\"Unsere Firma\" \/>\n<meta property=\"og:description\" content=\"Last updated on Dezember 12th, 2022 at 10:20 a.m. iFamNews ist ein Projekt der Internationalen Organisation f\u00fcr die Familie (IOF). Unser Bestreben ist, die erste wirklich globale Familien- und Lebensschutz Nachrichtenseite im Web zu schaffen. Wie die IOF zehntausende Lebenssch\u00fctzer der ganzen Welt in dem Weltkongress f\u00fcr Familien (WCF) vereint hat, so hoffen wir mit [&hellip;]\" \/>\n<meta property=\"og:url\" content=\"https:\/\/ifamnews.com\/de\/unsere-firma\" \/>\n<meta property=\"og:site_name\" content=\"IFN\" \/>\n<meta property=\"article:publisher\" content=\"https:\/\/www.facebook.com\/iFamNews\" \/>\n<meta property=\"article:modified_time\" content=\"2022-12-12T15:20:37+00:00\" \/>\n<meta property=\"og:image\" content=\"https:\/\/ifamnews.com\/wp-content\/uploads\/2020\/01\/brown-150x150.jpg\" \/>\n<meta name=\"twitter:card\" content=\"summary_large_image\" \/>\n<meta name=\"twitter:site\" content=\"@iFamNewsEN\" \/>\n<meta name=\"twitter:label1\" content=\"Gesch\u00e4tzte Lesezeit\" \/>\n\t<meta name=\"twitter:data1\" content=\"2\u00a0Minuten\" \/>\n<!-- \/ Yoast SEO Premium plugin. -->","yoast_head_json":{"title":"Unsere Firma - IFN","robots":{"index":"index","follow":"follow","max-snippet":"max-snippet:-1","max-image-preview":"max-image-preview:large","max-video-preview":"max-video-preview:-1"},"canonical":"https:\/\/ifamnews.com\/de\/unsere-firma","og_locale":"de_DE","og_type":"article","og_title":"Unsere Firma","og_description":"Last updated on Dezember 12th, 2022 at 10:20 a.m. iFamNews ist ein Projekt der Internationalen Organisation f\u00fcr die Familie (IOF). Unser Bestreben ist, die erste wirklich globale Familien- und Lebensschutz Nachrichtenseite im Web zu schaffen. Wie die IOF zehntausende Lebenssch\u00fctzer der ganzen Welt in dem Weltkongress f\u00fcr Familien (WCF) vereint hat, so hoffen wir mit [&hellip;]","og_url":"https:\/\/ifamnews.com\/de\/unsere-firma","og_site_name":"IFN","article_publisher":"https:\/\/www.facebook.com\/iFamNews","article_modified_time":"2022-12-12T15:20:37+00:00","og_image":[{"url":"https:\/\/ifamnews.com\/wp-content\/uploads\/2020\/01\/brown-150x150.jpg","type":"","width":"","height":""}],"twitter_card":"summary_large_image","twitter_site":"@iFamNewsEN","twitter_misc":{"Gesch\u00e4tzte Lesezeit":"2\u00a0Minuten"},"schema":{"@context":"https:\/\/schema.org","@graph":[{"@type":"WebPage","@id":"https:\/\/ifamnews.com\/de\/unsere-firma","url":"https:\/\/ifamnews.com\/de\/unsere-firma","name":"Unsere Firma - IFN","isPartOf":{"@id":"https:\/\/ifamnews.com\/en\/#website"},"primaryImageOfPage":{"@id":"https:\/\/ifamnews.com\/de\/unsere-firma#primaryimage"},"image":{"@id":"https:\/\/ifamnews.com\/de\/unsere-firma#primaryimage"},"thumbnailUrl":"https:\/\/ifamnews.com\/wp-content\/uploads\/2020\/01\/brown-150x150.jpg","datePublished":"2020-01-21T18:53:11+00:00","dateModified":"2022-12-12T15:20:37+00:00","breadcrumb":{"@id":"https:\/\/ifamnews.com\/de\/unsere-firma#breadcrumb"},"inLanguage":"de","potentialAction":[{"@type":"ReadAction","target":["https:\/\/ifamnews.com\/de\/unsere-firma"]}]},{"@type":"ImageObject","inLanguage":"de","@id":"https:\/\/ifamnews.com\/de\/unsere-firma#primaryimage","url":"https:\/\/ifamnews.com\/wp-content\/uploads\/2020\/01\/brown-150x150.jpg","contentUrl":"https:\/\/ifamnews.com\/wp-content\/uploads\/2020\/01\/brown-150x150.jpg"},{"@type":"BreadcrumbList","@id":"https:\/\/ifamnews.com\/de\/unsere-firma#breadcrumb","itemListElement":[{"@type":"ListItem","position":1,"name":"Home","item":"https:\/\/ifamnews.com\/de"},{"@type":"ListItem","position":2,"name":"Unsere Firma"}]},{"@type":"WebSite","@id":"https:\/\/ifamnews.com\/en\/#website","url":"https:\/\/ifamnews.com\/en\/","name":"IFN","description":"International Family News Network","publisher":{"@id":"https:\/\/ifamnews.com\/en\/#organization"},"potentialAction":[{"@type":"SearchAction","target":{"@type":"EntryPoint","urlTemplate":"https:\/\/ifamnews.com\/en\/?s={search_term_string}"},"query-input":{"@type":"PropertyValueSpecification","valueRequired":true,"valueName":"search_term_string"}}],"inLanguage":"de"},{"@type":"Organization","@id":"https:\/\/ifamnews.com\/en\/#organization","name":"iFamNews","url":"https:\/\/ifamnews.com\/en\/","logo":{"@type":"ImageObject","inLanguage":"de","@id":"https:\/\/ifamnews.com\/en\/#\/schema\/logo\/image\/","url":"https:\/\/ifamnews.com\/wp-content\/uploads\/2020\/01\/Share-logo.png","contentUrl":"https:\/\/ifamnews.com\/wp-content\/uploads\/2020\/01\/Share-logo.png","width":200,"height":200,"caption":"iFamNews"},"image":{"@id":"https:\/\/ifamnews.com\/en\/#\/schema\/logo\/image\/"},"sameAs":["https:\/\/www.facebook.com\/iFamNews","https:\/\/x.com\/iFamNewsEN"]}]}},"campaignId":"","amp_enabled":true,"_links":{"self":[{"href":"https:\/\/ifamnews.com\/de\/wp-json\/wp\/v2\/pages\/4514","targetHints":{"allow":["GET"]}}],"collection":[{"href":"https:\/\/ifamnews.com\/de\/wp-json\/wp\/v2\/pages"}],"about":[{"href":"https:\/\/ifamnews.com\/de\/wp-json\/wp\/v2\/types\/page"}],"author":[{"embeddable":true,"href":"https:\/\/ifamnews.com\/de\/wp-json\/wp\/v2\/users\/6"}],"replies":[{"embeddable":true,"href":"https:\/\/ifamnews.com\/de\/wp-json\/wp\/v2\/comments?post=4514"}],"version-history":[{"count":4,"href":"https:\/\/ifamnews.com\/de\/wp-json\/wp\/v2\/pages\/4514\/revisions"}],"predecessor-version":[{"id":174830,"href":"https:\/\/ifamnews.com\/de\/wp-json\/wp\/v2\/pages\/4514\/revisions\/174830"}],"wp:attachment":[{"href":"https:\/\/ifamnews.com\/de\/wp-json\/wp\/v2\/media?parent=4514"}],"curies":[{"name":"wp","href":"https:\/\/api.w.org\/{rel}","templated":true}]}}